{"id":1215,"date":"2025-11-24T12:06:56","date_gmt":"2025-11-24T11:06:56","guid":{"rendered":"https:\/\/www.bomoyi.org\/?page_id=1215"},"modified":"2025-12-13T14:24:23","modified_gmt":"2025-12-13T13:24:23","slug":"actualites-agenda","status":"publish","type":"page","link":"https:\/\/www.bomoyi.org\/index.php\/actualites-agenda\/","title":{"rendered":"ACTUALIT\u00c9S \/ AGENDA"},"content":{"rendered":"\t\t<div data-elementor-type=\"wp-page\" data-elementor-id=\"1215\" class=\"elementor elementor-1215\" data-elementor-post-type=\"page\">\n\t\t\t\t<div class=\"elementor-element elementor-element-7bec1aa e-flex e-con-boxed e-con e-parent\" data-id=\"7bec1aa\" data-element_type=\"container\">\n\t\t\t\t\t<div class=\"e-con-inner\">\n\t\t\t\t<div class=\"elementor-element elementor-element-e4b931e elementor-widget elementor-widget-heading\" data-id=\"e4b931e\" data-element_type=\"widget\" data-widget_type=\"heading.default\">\n\t\t\t\t\t<h2 class=\"elementor-heading-title elementor-size-default\">Notre Vie Associative en Direct<\/h2>\t\t\t\t<\/div>\n\t\t\t\t\t<\/div>\n\t\t\t\t<\/div>\n\t\t<div class=\"elementor-element elementor-element-0cf447c e-flex e-con-boxed e-con e-parent\" data-id=\"0cf447c\" data-element_type=\"container\">\n\t\t\t\t\t<div class=\"e-con-inner\">\n\t\t\t\t<div class=\"elementor-element elementor-element-de66031 elementor-widget elementor-widget-heading\" data-id=\"de66031\" data-element_type=\"widget\" data-widget_type=\"heading.default\">\n\t\t\t\t\t<h4 class=\"elementor-heading-title elementor-size-default\">\ud83d\udce2 Nos Derni\u00e8res Actualit\u00e9s et R\u00e9alisations (Blog)<\/h4>\t\t\t\t<\/div>\n\t\t\t\t\t<\/div>\n\t\t\t\t<\/div>\n\t\t<div class=\"elementor-element elementor-element-e49d981 e-flex e-con-boxed e-con e-parent\" data-id=\"e49d981\" data-element_type=\"container\">\n\t\t\t\t\t<div class=\"e-con-inner\">\n\t\t\t\t<div class=\"elementor-element elementor-element-2a07cd6 elementor-widget-divider--view-line elementor-widget elementor-widget-divider\" data-id=\"2a07cd6\" data-element_type=\"widget\" data-widget_type=\"divider.default\">\n\t\t\t\t\t\t\t<div class=\"elementor-divider\">\n\t\t\t<span class=\"elementor-divider-separator\">\n\t\t\t\t\t\t<\/span>\n\t\t<\/div>\n\t\t\t\t\t\t<\/div>\n\t\t\t\t\t<\/div>\n\t\t\t\t<\/div>\n\t\t<div class=\"elementor-element elementor-element-9154ff7 e-flex e-con-boxed e-con e-parent\" data-id=\"9154ff7\" data-element_type=\"container\">\n\t\t\t\t\t<div class=\"e-con-inner\">\n\t\t<div class=\"elementor-element elementor-element-56186a8 e-con-full e-flex e-con e-child\" data-id=\"56186a8\" data-element_type=\"container\">\n\t\t\t\t<div class=\"elementor-element elementor-element-159c1b5 elementor-widget elementor-widget-heading\" data-id=\"159c1b5\" data-element_type=\"widget\" data-widget_type=\"heading.default\">\n\t\t\t\t\t<h3 class=\"elementor-heading-title elementor-size-default\">Ma prise de parole pour la Palestine<\/h3>\t\t\t\t<\/div>\n\t\t\t\t<\/div>\n\t\t<div class=\"elementor-element elementor-element-1aac55b e-con-full e-flex e-con e-child\" data-id=\"1aac55b\" data-element_type=\"container\">\n\t\t\t\t<div class=\"elementor-element elementor-element-665e8fa elementor-widget elementor-widget-heading\" data-id=\"665e8fa\" data-element_type=\"widget\" data-widget_type=\"heading.default\">\n\t\t\t\t\t<h3 class=\"elementor-heading-title elementor-size-default\">Conf\u00e9rence Bomoyi en collaboration avec l\u2019association  MAKILA <\/h3>\t\t\t\t<\/div>\n\t\t\t\t<\/div>\n\t\t\t\t\t<\/div>\n\t\t\t\t<\/div>\n\t\t<div class=\"elementor-element elementor-element-6841862 e-flex e-con-boxed e-con e-parent\" data-id=\"6841862\" data-element_type=\"container\">\n\t\t\t\t\t<div class=\"e-con-inner\">\n\t\t<div class=\"elementor-element elementor-element-6f419b4 e-con-full e-flex e-con e-child\" data-id=\"6f419b4\" data-element_type=\"container\">\n\t\t\t\t<div class=\"elementor-element elementor-element-070dd54 elementor-widget elementor-widget-image\" data-id=\"070dd54\" data-element_type=\"widget\" data-widget_type=\"image.default\">\n\t\t\t\t\t\t\t\t\t\t\t\t\t\t\t\t<a href=\"https:\/\/www.instagram.com\/reel\/DRpjB3LjA1h\/\">\n\t\t\t\t\t\t\t<img decoding=\"async\" src=\"https:\/\/www.bomoyi.org\/wp-content\/uploads\/2025\/12\/1-1.png\" title=\"1\" alt=\"1\" loading=\"lazy\" \/>\t\t\t\t\t\t\t\t<\/a>\n\t\t\t\t\t\t\t\t\t\t\t\t\t\t\t<\/div>\n\t\t\t\t<\/div>\n\t\t<div class=\"elementor-element elementor-element-97643d2 e-con-full e-flex e-con e-child\" data-id=\"97643d2\" data-element_type=\"container\">\n\t\t\t\t<div class=\"elementor-element elementor-element-01e742e elementor-widget elementor-widget-image\" data-id=\"01e742e\" data-element_type=\"widget\" data-widget_type=\"image.default\">\n\t\t\t\t\t\t\t\t\t\t\t\t\t\t\t\t<a href=\"https:\/\/www.instagram.com\/reel\/DR4cx4VjHco\/\">\n\t\t\t\t\t\t\t<img decoding=\"async\" src=\"https:\/\/www.bomoyi.org\/wp-content\/uploads\/2025\/12\/2-1.png\" title=\"2\" alt=\"2\" loading=\"lazy\" \/>\t\t\t\t\t\t\t\t<\/a>\n\t\t\t\t\t\t\t\t\t\t\t\t\t\t\t<\/div>\n\t\t\t\t<\/div>\n\t\t\t\t\t<\/div>\n\t\t\t\t<\/div>\n\t\t<div class=\"elementor-element elementor-element-32f83c6 e-flex e-con-boxed e-con e-parent\" data-id=\"32f83c6\" data-element_type=\"container\">\n\t\t\t\t\t<div class=\"e-con-inner\">\n\t\t\t\t<div class=\"elementor-element elementor-element-4048a91 elementor-widget-divider--view-line elementor-widget elementor-widget-divider\" data-id=\"4048a91\" data-element_type=\"widget\" data-widget_type=\"divider.default\">\n\t\t\t\t\t\t\t<div class=\"elementor-divider\">\n\t\t\t<span class=\"elementor-divider-separator\">\n\t\t\t\t\t\t<\/span>\n\t\t<\/div>\n\t\t\t\t\t\t<\/div>\n\t\t\t\t\t<\/div>\n\t\t\t\t<\/div>\n\t\t<div class=\"elementor-element elementor-element-49c105f e-flex e-con-boxed e-con e-parent\" data-id=\"49c105f\" data-element_type=\"container\">\n\t\t\t\t\t<div class=\"e-con-inner\">\n\t\t\t\t<div class=\"elementor-element elementor-element-fdeb2ae elementor-grid-5 elementor-grid-tablet-2 elementor-grid-mobile-1 elementor-posts--thumbnail-top elementor-widget elementor-widget-posts\" data-id=\"fdeb2ae\" data-element_type=\"widget\" data-settings=\"{&quot;classic_columns&quot;:&quot;5&quot;,&quot;classic_columns_tablet&quot;:&quot;2&quot;,&quot;classic_columns_mobile&quot;:&quot;1&quot;,&quot;classic_row_gap&quot;:{&quot;unit&quot;:&quot;px&quot;,&quot;size&quot;:35,&quot;sizes&quot;:[]},&quot;classic_row_gap_tablet&quot;:{&quot;unit&quot;:&quot;px&quot;,&quot;size&quot;:&quot;&quot;,&quot;sizes&quot;:[]},&quot;classic_row_gap_mobile&quot;:{&quot;unit&quot;:&quot;px&quot;,&quot;size&quot;:&quot;&quot;,&quot;sizes&quot;:[]}}\" data-widget_type=\"posts.classic\">\n\t\t\t\t<div class=\"elementor-widget-container\">\n\t\t\t\t\t\t\t<div class=\"elementor-posts-container elementor-posts elementor-posts--skin-classic elementor-grid\" role=\"list\">\n\t\t\t\t<article class=\"elementor-post elementor-grid-item post-2125 post type-post status-publish format-standard has-post-thumbnail hentry category-non-classe\" role=\"listitem\">\n\t\t\t\t<a class=\"elementor-post__thumbnail__link\" href=\"https:\/\/www.bomoyi.org\/index.php\/2025\/12\/10\/distribution-alimentaire-bobigny\/\" tabindex=\"-1\" >\n\t\t\t<div class=\"elementor-post__thumbnail\"><img fetchpriority=\"high\" decoding=\"async\" width=\"2560\" height=\"1707\" src=\"https:\/\/www.bomoyi.org\/wp-content\/uploads\/2025\/12\/Distri5jeunes-2-scaled.jpg\" class=\"attachment-full size-full wp-image-2005\" alt=\"\" srcset=\"https:\/\/www.bomoyi.org\/wp-content\/uploads\/2025\/12\/Distri5jeunes-2-scaled.jpg 2560w, https:\/\/www.bomoyi.org\/wp-content\/uploads\/2025\/12\/Distri5jeunes-2-300x200.jpg 300w, https:\/\/www.bomoyi.org\/wp-content\/uploads\/2025\/12\/Distri5jeunes-2-1024x683.jpg 1024w, https:\/\/www.bomoyi.org\/wp-content\/uploads\/2025\/12\/Distri5jeunes-2-768x512.jpg 768w, https:\/\/www.bomoyi.org\/wp-content\/uploads\/2025\/12\/Distri5jeunes-2-1536x1024.jpg 1536w, https:\/\/www.bomoyi.org\/wp-content\/uploads\/2025\/12\/Distri5jeunes-2-2048x1365.jpg 2048w\" sizes=\"(max-width: 2560px) 100vw, 2560px\" \/><\/div>\n\t\t<\/a>\n\t\t\t\t<div class=\"elementor-post__text\">\n\t\t\t\t<h3 class=\"elementor-post__title\">\n\t\t\t<a href=\"https:\/\/www.bomoyi.org\/index.php\/2025\/12\/10\/distribution-alimentaire-bobigny\/\" >\n\t\t\t\tDistribution alimentaire Bobigny\t\t\t<\/a>\n\t\t<\/h3>\n\t\t\t\t<div class=\"elementor-post__meta-data\">\n\t\t\t\t\t<span class=\"elementor-post-date\">\n\t\t\t10 d\u00e9cembre 2025\t\t<\/span>\n\t\t\t\t<span class=\"elementor-post-avatar\">\n\t\t\tAucun commentaire\t\t<\/span>\n\t\t\t\t<\/div>\n\t\t\n\t\t<a class=\"elementor-post__read-more\" href=\"https:\/\/www.bomoyi.org\/index.php\/2025\/12\/10\/distribution-alimentaire-bobigny\/\" aria-label=\"Read more about Distribution alimentaire Bobigny\" tabindex=\"-1\" >\n\t\t\tRead More \u00bb\t\t<\/a>\n\n\t\t\t\t<\/div>\n\t\t\t\t<\/article>\n\t\t\t\t<article class=\"elementor-post elementor-grid-item post-1907 post type-post status-publish format-standard has-post-thumbnail hentry category-non-classe\" role=\"listitem\">\n\t\t\t\t<a class=\"elementor-post__thumbnail__link\" href=\"https:\/\/www.bomoyi.org\/index.php\/2025\/12\/05\/news-de-la-ville\/\" tabindex=\"-1\" >\n\t\t\t<div class=\"elementor-post__thumbnail\"><img decoding=\"async\" width=\"1366\" height=\"768\" src=\"https:\/\/www.bomoyi.org\/wp-content\/uploads\/2025\/12\/dbbecc00-city-48033-1706702a5ba.jpg\" class=\"attachment-full size-full wp-image-1919\" alt=\"\" srcset=\"https:\/\/www.bomoyi.org\/wp-content\/uploads\/2025\/12\/dbbecc00-city-48033-1706702a5ba.jpg 1366w, https:\/\/www.bomoyi.org\/wp-content\/uploads\/2025\/12\/dbbecc00-city-48033-1706702a5ba-300x169.jpg 300w, https:\/\/www.bomoyi.org\/wp-content\/uploads\/2025\/12\/dbbecc00-city-48033-1706702a5ba-1024x576.jpg 1024w, https:\/\/www.bomoyi.org\/wp-content\/uploads\/2025\/12\/dbbecc00-city-48033-1706702a5ba-768x432.jpg 768w\" sizes=\"(max-width: 1366px) 100vw, 1366px\" \/><\/div>\n\t\t<\/a>\n\t\t\t\t<div class=\"elementor-post__text\">\n\t\t\t\t<h3 class=\"elementor-post__title\">\n\t\t\t<a href=\"https:\/\/www.bomoyi.org\/index.php\/2025\/12\/05\/news-de-la-ville\/\" >\n\t\t\t\tNEWS DE LA VILLE\t\t\t<\/a>\n\t\t<\/h3>\n\t\t\t\t<div class=\"elementor-post__meta-data\">\n\t\t\t\t\t<span class=\"elementor-post-date\">\n\t\t\t5 d\u00e9cembre 2025\t\t<\/span>\n\t\t\t\t<span class=\"elementor-post-avatar\">\n\t\t\tAucun commentaire\t\t<\/span>\n\t\t\t\t<\/div>\n\t\t\n\t\t<a class=\"elementor-post__read-more\" href=\"https:\/\/www.bomoyi.org\/index.php\/2025\/12\/05\/news-de-la-ville\/\" aria-label=\"Read more about NEWS DE LA VILLE\" tabindex=\"-1\" >\n\t\t\tRead More \u00bb\t\t<\/a>\n\n\t\t\t\t<\/div>\n\t\t\t\t<\/article>\n\t\t\t\t<article class=\"elementor-post elementor-grid-item post-1891 post type-post status-publish format-standard has-post-thumbnail hentry category-non-classe\" role=\"listitem\">\n\t\t\t\t<a class=\"elementor-post__thumbnail__link\" href=\"https:\/\/www.bomoyi.org\/index.php\/2025\/12\/05\/semaine-de-la-laicite-du-8-au-12-decembre\/\" tabindex=\"-1\" >\n\t\t\t<div class=\"elementor-post__thumbnail\"><img decoding=\"async\" width=\"482\" height=\"320\" src=\"https:\/\/www.bomoyi.org\/wp-content\/uploads\/2025\/12\/laicite.jpg\" class=\"attachment-full size-full wp-image-1897\" alt=\"\" srcset=\"https:\/\/www.bomoyi.org\/wp-content\/uploads\/2025\/12\/laicite.jpg 482w, https:\/\/www.bomoyi.org\/wp-content\/uploads\/2025\/12\/laicite-300x199.jpg 300w\" sizes=\"(max-width: 482px) 100vw, 482px\" \/><\/div>\n\t\t<\/a>\n\t\t\t\t<div class=\"elementor-post__text\">\n\t\t\t\t<h3 class=\"elementor-post__title\">\n\t\t\t<a href=\"https:\/\/www.bomoyi.org\/index.php\/2025\/12\/05\/semaine-de-la-laicite-du-8-au-12-decembre\/\" >\n\t\t\t\tSemaine de la La\u00efcit\u00e9 Du 8 au 12 d\u00e9cembre\u00a0\t\t\t<\/a>\n\t\t<\/h3>\n\t\t\t\t<div class=\"elementor-post__meta-data\">\n\t\t\t\t\t<span class=\"elementor-post-date\">\n\t\t\t5 d\u00e9cembre 2025\t\t<\/span>\n\t\t\t\t<span class=\"elementor-post-avatar\">\n\t\t\tAucun commentaire\t\t<\/span>\n\t\t\t\t<\/div>\n\t\t\n\t\t<a class=\"elementor-post__read-more\" href=\"https:\/\/www.bomoyi.org\/index.php\/2025\/12\/05\/semaine-de-la-laicite-du-8-au-12-decembre\/\" aria-label=\"Read more about Semaine de la La\u00efcit\u00e9 Du 8 au 12 d\u00e9cembre\u00a0\" tabindex=\"-1\" >\n\t\t\tRead More \u00bb\t\t<\/a>\n\n\t\t\t\t<\/div>\n\t\t\t\t<\/article>\n\t\t\t\t<article class=\"elementor-post elementor-grid-item post-45 post type-post status-publish format-standard has-post-thumbnail hentry category-non-classe\" role=\"listitem\">\n\t\t\t\t<a class=\"elementor-post__thumbnail__link\" href=\"https:\/\/www.bomoyi.org\/index.php\/2025\/02\/19\/welcome-to-inner\/\" tabindex=\"-1\" >\n\t\t\t<div class=\"elementor-post__thumbnail\"><img loading=\"lazy\" decoding=\"async\" width=\"1289\" height=\"1600\" src=\"https:\/\/www.bomoyi.org\/wp-content\/uploads\/2025\/02\/WhatsApp-Image-2025-02-19-a-21.54.57_01b61a64.jpg\" class=\"attachment-full size-full wp-image-1177\" alt=\"\" srcset=\"https:\/\/www.bomoyi.org\/wp-content\/uploads\/2025\/02\/WhatsApp-Image-2025-02-19-a-21.54.57_01b61a64.jpg 1289w, https:\/\/www.bomoyi.org\/wp-content\/uploads\/2025\/02\/WhatsApp-Image-2025-02-19-a-21.54.57_01b61a64-242x300.jpg 242w, https:\/\/www.bomoyi.org\/wp-content\/uploads\/2025\/02\/WhatsApp-Image-2025-02-19-a-21.54.57_01b61a64-825x1024.jpg 825w, https:\/\/www.bomoyi.org\/wp-content\/uploads\/2025\/02\/WhatsApp-Image-2025-02-19-a-21.54.57_01b61a64-768x953.jpg 768w, https:\/\/www.bomoyi.org\/wp-content\/uploads\/2025\/02\/WhatsApp-Image-2025-02-19-a-21.54.57_01b61a64-1237x1536.jpg 1237w\" sizes=\"(max-width: 1289px) 100vw, 1289px\" \/><\/div>\n\t\t<\/a>\n\t\t\t\t<div class=\"elementor-post__text\">\n\t\t\t\t<h3 class=\"elementor-post__title\">\n\t\t\t<a href=\"https:\/\/www.bomoyi.org\/index.php\/2025\/02\/19\/welcome-to-inner\/\" >\n\t\t\t\tCagnotte pour Goma\t\t\t<\/a>\n\t\t<\/h3>\n\t\t\t\t<div class=\"elementor-post__meta-data\">\n\t\t\t\t\t<span class=\"elementor-post-date\">\n\t\t\t19 f\u00e9vrier 2025\t\t<\/span>\n\t\t\t\t<span class=\"elementor-post-avatar\">\n\t\t\tAucun commentaire\t\t<\/span>\n\t\t\t\t<\/div>\n\t\t\n\t\t<a class=\"elementor-post__read-more\" href=\"https:\/\/www.bomoyi.org\/index.php\/2025\/02\/19\/welcome-to-inner\/\" aria-label=\"Read more about Cagnotte pour Goma\" tabindex=\"-1\" >\n\t\t\tRead More \u00bb\t\t<\/a>\n\n\t\t\t\t<\/div>\n\t\t\t\t<\/article>\n\t\t\t\t<article class=\"elementor-post elementor-grid-item post-47 post type-post status-publish format-standard has-post-thumbnail hentry category-non-classe\" role=\"listitem\">\n\t\t\t\t<a class=\"elementor-post__thumbnail__link\" href=\"https:\/\/www.bomoyi.org\/index.php\/2025\/02\/17\/welcome-to-inner-2\/\" tabindex=\"-1\" >\n\t\t\t<div class=\"elementor-post__thumbnail\"><img loading=\"lazy\" decoding=\"async\" width=\"1240\" height=\"1754\" src=\"https:\/\/www.bomoyi.org\/wp-content\/uploads\/2024\/06\/WhatsApp-Image-2025-02-19-a-23.05.46_69de71c2.jpg\" class=\"attachment-full size-full wp-image-1192\" alt=\"\" srcset=\"https:\/\/www.bomoyi.org\/wp-content\/uploads\/2024\/06\/WhatsApp-Image-2025-02-19-a-23.05.46_69de71c2.jpg 1240w, https:\/\/www.bomoyi.org\/wp-content\/uploads\/2024\/06\/WhatsApp-Image-2025-02-19-a-23.05.46_69de71c2-212x300.jpg 212w, https:\/\/www.bomoyi.org\/wp-content\/uploads\/2024\/06\/WhatsApp-Image-2025-02-19-a-23.05.46_69de71c2-724x1024.jpg 724w, https:\/\/www.bomoyi.org\/wp-content\/uploads\/2024\/06\/WhatsApp-Image-2025-02-19-a-23.05.46_69de71c2-768x1086.jpg 768w, https:\/\/www.bomoyi.org\/wp-content\/uploads\/2024\/06\/WhatsApp-Image-2025-02-19-a-23.05.46_69de71c2-1086x1536.jpg 1086w\" sizes=\"(max-width: 1240px) 100vw, 1240px\" \/><\/div>\n\t\t<\/a>\n\t\t\t\t<div class=\"elementor-post__text\">\n\t\t\t\t<h3 class=\"elementor-post__title\">\n\t\t\t<a href=\"https:\/\/www.bomoyi.org\/index.php\/2025\/02\/17\/welcome-to-inner-2\/\" >\n\t\t\t\tDistribution alimentaire centre ville\t\t\t<\/a>\n\t\t<\/h3>\n\t\t\t\t<div class=\"elementor-post__meta-data\">\n\t\t\t\t\t<span class=\"elementor-post-date\">\n\t\t\t17 f\u00e9vrier 2025\t\t<\/span>\n\t\t\t\t<span class=\"elementor-post-avatar\">\n\t\t\tAucun commentaire\t\t<\/span>\n\t\t\t\t<\/div>\n\t\t\n\t\t<a class=\"elementor-post__read-more\" href=\"https:\/\/www.bomoyi.org\/index.php\/2025\/02\/17\/welcome-to-inner-2\/\" aria-label=\"Read more about Distribution alimentaire centre ville\" tabindex=\"-1\" >\n\t\t\tRead More \u00bb\t\t<\/a>\n\n\t\t\t\t<\/div>\n\t\t\t\t<\/article>\n\t\t\t\t<\/div>\n\t\t\n\t\t\t\t\t\t<\/div>\n\t\t\t\t<\/div>\n\t\t\t\t\t<\/div>\n\t\t\t\t<\/div>\n\t\t\t\t<\/div>\n\t\t","protected":false},"excerpt":{"rendered":"<p>Notre Vie Associative en Direct \ud83d\udce2 Nos Derni\u00e8res Actualit\u00e9s et R\u00e9alisations (Blog) Ma prise de parole pour la Palestine Conf\u00e9rence<\/p>\n","protected":false},"author":1,"featured_media":0,"parent":0,"menu_order":0,"comment_status":"closed","ping_status":"closed","template":"","meta":{"give_campaign_id":0,"site-sidebar-layout":"no-sidebar","site-content-layout":"","ast-site-content-layout":"full-width-container","site-content-style":"default","site-sidebar-style":"default","ast-global-header-display":"","ast-banner-title-visibility":"","ast-main-header-display":"","ast-hfb-above-header-display":"","ast-hfb-below-header-display":"","ast-hfb-mobile-header-display":"","site-post-title":"disabled","ast-breadcrumbs-content":"","ast-featured-img":"disabled","footer-sml-layout":"","theme-transparent-header-meta":"","adv-header-id-meta":"","stick-header-meta":"","header-above-stick-meta":"","header-main-stick-meta":"","header-below-stick-meta":"","astra-migrate-meta-layouts":"default","ast-page-background-enabled":"default","ast-page-background-meta":{"desktop":{"background-color":"var(--ast-global-color-5)","background-image":"","background-repeat":"repeat","background-position":"center center","background-size":"auto","background-attachment":"scroll","background-type":"","background-media":"","overlay-type":"","overlay-color":"","overlay-opacity":"","overlay-gradient":""},"tablet":{"background-color":"","background-image":"","background-repeat":"repeat","background-position":"center center","background-size":"auto","background-attachment":"scroll","background-type":"","background-media":"","overlay-type":"","overlay-color":"","overlay-opacity":"","overlay-gradient":""},"mobile":{"background-color":"","background-image":"","background-repeat":"repeat","background-position":"center center","background-size":"auto","background-attachment":"scroll","background-type":"","background-media":"","overlay-type":"","overlay-color":"","overlay-opacity":"","overlay-gradient":""}},"ast-content-background-meta":{"desktop":{"background-color":"var(--ast-global-color-4)","background-image":"","background-repeat":"repeat","background-position":"center center","background-size":"auto","background-attachment":"scroll","background-type":"","background-media":"","overlay-type":"","overlay-color":"","overlay-opacity":"","overlay-gradient":""},"tablet":{"background-color":"var(--ast-global-color-4)","background-image":"","background-repeat":"repeat","background-position":"center center","background-size":"auto","background-attachment":"scroll","background-type":"","background-media":"","overlay-type":"","overlay-color":"","overlay-opacity":"","overlay-gradient":""},"mobile":{"background-color":"var(--ast-global-color-4)","background-image":"","background-repeat":"repeat","background-position":"center center","background-size":"auto","background-attachment":"scroll","background-type":"","background-media":"","overlay-type":"","overlay-color":"","overlay-opacity":"","overlay-gradient":""}},"footnotes":""},"class_list":["post-1215","page","type-page","status-publish","hentry"],"campaignId":"","_links":{"self":[{"href":"https:\/\/www.bomoyi.org\/index.php\/wp-json\/wp\/v2\/pages\/1215","targetHints":{"allow":["GET"]}}],"collection":[{"href":"https:\/\/www.bomoyi.org\/index.php\/wp-json\/wp\/v2\/pages"}],"about":[{"href":"https:\/\/www.bomoyi.org\/index.php\/wp-json\/wp\/v2\/types\/page"}],"author":[{"embeddable":true,"href":"https:\/\/www.bomoyi.org\/index.php\/wp-json\/wp\/v2\/users\/1"}],"replies":[{"embeddable":true,"href":"https:\/\/www.bomoyi.org\/index.php\/wp-json\/wp\/v2\/comments?post=1215"}],"version-history":[{"count":58,"href":"https:\/\/www.bomoyi.org\/index.php\/wp-json\/wp\/v2\/pages\/1215\/revisions"}],"predecessor-version":[{"id":2204,"href":"https:\/\/www.bomoyi.org\/index.php\/wp-json\/wp\/v2\/pages\/1215\/revisions\/2204"}],"wp:attachment":[{"href":"https:\/\/www.bomoyi.org\/index.php\/wp-json\/wp\/v2\/media?parent=1215"}],"curies":[{"name":"wp","href":"https:\/\/api.w.org\/{rel}","templated":true}]}}