{"id":1217,"date":"2025-11-24T12:07:06","date_gmt":"2025-11-24T11:07:06","guid":{"rendered":"https:\/\/www.bomoyi.org\/?page_id=1217"},"modified":"2025-12-11T18:08:22","modified_gmt":"2025-12-11T17:08:22","slug":"nous-soutenir","status":"publish","type":"page","link":"https:\/\/www.bomoyi.org\/index.php\/nous-soutenir\/","title":{"rendered":"NOUS SOUTENIR"},"content":{"rendered":"\t\t<div data-elementor-type=\"wp-page\" data-elementor-id=\"1217\" class=\"elementor elementor-1217\" data-elementor-post-type=\"page\">\n\t\t\t\t<div class=\"elementor-element elementor-element-9530242 e-flex e-con-boxed e-con e-parent\" data-id=\"9530242\" data-element_type=\"container\">\n\t\t\t\t\t<div class=\"e-con-inner\">\n\t\t\t\t<div class=\"elementor-element elementor-element-e76cfbe elementor-widget elementor-widget-heading\" data-id=\"e76cfbe\" data-element_type=\"widget\" data-widget_type=\"heading.default\">\n\t\t\t\t\t<h2 class=\"elementor-heading-title elementor-size-default\">NOUS SOUTENIR : Devenez un Pilier de l'Action BOMOYI<\/h2>\t\t\t\t<\/div>\n\t\t\t\t<div class=\"elementor-element elementor-element-cdc4e23 elementor-widget elementor-widget-heading\" data-id=\"cdc4e23\" data-element_type=\"widget\" data-widget_type=\"heading.default\">\n\t\t\t\t\t<h3 class=\"elementor-heading-title elementor-size-default\">Faire un Don : Investir dans l'Humain<\/h3>\t\t\t\t<\/div>\n\t\t\t\t\t<\/div>\n\t\t\t\t<\/div>\n\t\t<div class=\"elementor-element elementor-element-45604c6 e-flex e-con-boxed e-con e-parent\" data-id=\"45604c6\" data-element_type=\"container\">\n\t\t\t\t\t<div class=\"e-con-inner\">\n\t\t<div class=\"elementor-element elementor-element-7057dea e-con-full e-flex e-con e-child\" data-id=\"7057dea\" data-element_type=\"container\">\n\t\t\t\t<div class=\"elementor-element elementor-element-687cd62 elementor-widget elementor-widget-image\" data-id=\"687cd62\" data-element_type=\"widget\" data-widget_type=\"image.default\">\n\t\t\t\t\t\t\t\t\t\t\t\t\t\t\t\t<a href=\"https:\/\/www.helloasso.com\/associations\/bomoyi\/collectes\/solidarite-a-goma-republique-democratique-du-congo\">\n\t\t\t\t\t\t\t<img fetchpriority=\"high\" decoding=\"async\" width=\"1024\" height=\"768\" src=\"https:\/\/www.bomoyi.org\/wp-content\/uploads\/2025\/11\/PHOTO-2025-11-19-10-01-28-1024x768.jpg\" class=\"attachment-large size-large wp-image-1296\" alt=\"\" srcset=\"https:\/\/www.bomoyi.org\/wp-content\/uploads\/2025\/11\/PHOTO-2025-11-19-10-01-28-1024x768.jpg 1024w, https:\/\/www.bomoyi.org\/wp-content\/uploads\/2025\/11\/PHOTO-2025-11-19-10-01-28-300x225.jpg 300w, https:\/\/www.bomoyi.org\/wp-content\/uploads\/2025\/11\/PHOTO-2025-11-19-10-01-28-768x576.jpg 768w, https:\/\/www.bomoyi.org\/wp-content\/uploads\/2025\/11\/PHOTO-2025-11-19-10-01-28-1536x1152.jpg 1536w, https:\/\/www.bomoyi.org\/wp-content\/uploads\/2025\/11\/PHOTO-2025-11-19-10-01-28.jpg 1600w\" sizes=\"(max-width: 1024px) 100vw, 1024px\" \/>\t\t\t\t\t\t\t\t<\/a>\n\t\t\t\t\t\t\t\t\t\t\t\t\t\t\t<\/div>\n\t\t\t\t<div class=\"elementor-element elementor-element-e866709 elementor-align-center elementor-widget elementor-widget-button\" data-id=\"e866709\" data-element_type=\"widget\" data-widget_type=\"button.default\">\n\t\t\t\t\t\t\t\t\t\t<a class=\"elementor-button elementor-button-link elementor-size-sm\" href=\"https:\/\/www.helloasso.com\/associations\/bomoyi\/collectes\/solidarite-a-goma-republique-democratique-du-congo\">\n\t\t\t\t\t\t<span class=\"elementor-button-content-wrapper\">\n\t\t\t\t\t\t\t\t\t<span class=\"elementor-button-text\">Faire un don<\/span>\n\t\t\t\t\t<\/span>\n\t\t\t\t\t<\/a>\n\t\t\t\t\t\t\t\t<\/div>\n\t\t\t\t<\/div>\n\t\t<div class=\"elementor-element elementor-element-c6991de e-con-full e-flex e-con e-child\" data-id=\"c6991de\" data-element_type=\"container\">\n\t\t\t\t<div class=\"elementor-element elementor-element-c38c1c5 elementor-hidden-mobile elementor-arrows-position-inside elementor-pagination-position-outside elementor-widget elementor-widget-image-carousel\" data-id=\"c38c1c5\" data-element_type=\"widget\" data-settings=\"{&quot;slides_to_show&quot;:&quot;1&quot;,&quot;navigation&quot;:&quot;both&quot;,&quot;autoplay&quot;:&quot;yes&quot;,&quot;pause_on_hover&quot;:&quot;yes&quot;,&quot;pause_on_interaction&quot;:&quot;yes&quot;,&quot;autoplay_speed&quot;:5000,&quot;infinite&quot;:&quot;yes&quot;,&quot;effect&quot;:&quot;slide&quot;,&quot;speed&quot;:500}\" data-widget_type=\"image-carousel.default\">\n\t\t\t\t\t\t\t<div class=\"elementor-image-carousel-wrapper swiper\" role=\"region\" aria-roledescription=\"carousel\" aria-label=\"Carrousel d\u2019images\" dir=\"ltr\">\n\t\t\t<div class=\"elementor-image-carousel swiper-wrapper\" aria-live=\"off\">\n\t\t\t\t\t\t\t\t<div class=\"swiper-slide\" role=\"group\" aria-roledescription=\"slide\" aria-label=\"1 sur 5\"><figure class=\"swiper-slide-inner\"><img decoding=\"async\" class=\"swiper-slide-image\" src=\"https:\/\/www.bomoyi.org\/wp-content\/uploads\/2025\/12\/Bobigny2.jpg\" alt=\"Bobigny2\" \/><\/figure><\/div><div class=\"swiper-slide\" role=\"group\" aria-roledescription=\"slide\" aria-label=\"2 sur 5\"><figure class=\"swiper-slide-inner\"><img decoding=\"async\" class=\"swiper-slide-image\" src=\"https:\/\/www.bomoyi.org\/wp-content\/uploads\/2025\/12\/Distri3-scaled.jpg\" alt=\"Distri3\" \/><\/figure><\/div><div class=\"swiper-slide\" role=\"group\" aria-roledescription=\"slide\" aria-label=\"3 sur 5\"><figure class=\"swiper-slide-inner\"><img decoding=\"async\" class=\"swiper-slide-image\" src=\"https:\/\/www.bomoyi.org\/wp-content\/uploads\/2025\/12\/Distri5jeunes-2-scaled.jpg\" alt=\"Distri5jeunes\" \/><\/figure><\/div><div class=\"swiper-slide\" role=\"group\" aria-roledescription=\"slide\" aria-label=\"4 sur 5\"><figure class=\"swiper-slide-inner\"><img decoding=\"async\" class=\"swiper-slide-image\" src=\"https:\/\/www.bomoyi.org\/wp-content\/uploads\/2025\/12\/20180818_122101-scaled.jpg\" alt=\"20180818_122101\" \/><\/figure><\/div><div class=\"swiper-slide\" role=\"group\" aria-roledescription=\"slide\" aria-label=\"5 sur 5\"><figure class=\"swiper-slide-inner\"><img decoding=\"async\" class=\"swiper-slide-image\" src=\"https:\/\/www.bomoyi.org\/wp-content\/uploads\/2025\/12\/IMG_20180611_141752.jpg\" alt=\"IMG_20180611_141752\" \/><\/figure><\/div>\t\t\t<\/div>\n\t\t\t\t\t\t\t\t\t\t\t\t<div class=\"elementor-swiper-button elementor-swiper-button-prev\" role=\"button\" tabindex=\"0\">\n\t\t\t\t\t\t<svg aria-hidden=\"true\" class=\"e-font-icon-svg e-eicon-chevron-left\" viewBox=\"0 0 1000 1000\" xmlns=\"http:\/\/www.w3.org\/2000\/svg\"><path d=\"M646 125C629 125 613 133 604 142L308 442C296 454 292 471 292 487 292 504 296 521 308 533L604 854C617 867 629 875 646 875 663 875 679 871 692 858 704 846 713 829 713 812 713 796 708 779 692 767L438 487 692 225C700 217 708 204 708 187 708 171 704 154 692 142 675 129 663 125 646 125Z\"><\/path><\/svg>\t\t\t\t\t<\/div>\n\t\t\t\t\t<div class=\"elementor-swiper-button elementor-swiper-button-next\" role=\"button\" tabindex=\"0\">\n\t\t\t\t\t\t<svg aria-hidden=\"true\" class=\"e-font-icon-svg e-eicon-chevron-right\" viewBox=\"0 0 1000 1000\" xmlns=\"http:\/\/www.w3.org\/2000\/svg\"><path d=\"M696 533C708 521 713 504 713 487 713 471 708 454 696 446L400 146C388 133 375 125 354 125 338 125 325 129 313 142 300 154 292 171 292 187 292 204 296 221 308 233L563 492 304 771C292 783 288 800 288 817 288 833 296 850 308 863 321 871 338 875 354 875 371 875 388 867 400 854L696 533Z\"><\/path><\/svg>\t\t\t\t\t<\/div>\n\t\t\t\t\n\t\t\t\t\t\t\t\t\t<div class=\"swiper-pagination\"><\/div>\n\t\t\t\t\t\t\t\t\t<\/div>\n\t\t\t\t\t\t<\/div>\n\t\t\t\t<\/div>\n\t\t\t\t\t<\/div>\n\t\t\t\t<\/div>\n\t\t<div class=\"elementor-element elementor-element-ffb458d e-flex e-con-boxed e-con e-parent\" data-id=\"ffb458d\" data-element_type=\"container\">\n\t\t\t\t\t<div class=\"e-con-inner\">\n\t\t\t\t<div class=\"elementor-element elementor-element-af29da5 elementor-widget elementor-widget-heading\" data-id=\"af29da5\" data-element_type=\"widget\" data-widget_type=\"heading.default\">\n\t\t\t\t\t<h3 class=\"elementor-heading-title elementor-size-default\">Pourquoi Faire un Don \u00e0 BOMOYI ?<\/h3>\t\t\t\t<\/div>\n\t\t<div class=\"elementor-element elementor-element-782e4c6 e-con-full e-flex e-con e-child\" data-id=\"782e4c6\" data-element_type=\"container\">\n\t\t<div class=\"elementor-element elementor-element-8c135da e-con-full e-flex e-con e-child\" data-id=\"8c135da\" data-element_type=\"container\">\n\t\t\t\t<div class=\"elementor-element elementor-element-dc4934a elementor-widget elementor-widget-image\" data-id=\"dc4934a\" data-element_type=\"widget\" data-widget_type=\"image.default\">\n\t\t\t\t\t\t\t\t\t\t\t\t\t\t\t<img decoding=\"async\" width=\"1024\" height=\"768\" src=\"https:\/\/www.bomoyi.org\/wp-content\/uploads\/2025\/11\/PHOTO-2025-11-19-10-01-46-1-1024x768.jpg\" class=\"attachment-large size-large wp-image-1231\" alt=\"\" srcset=\"https:\/\/www.bomoyi.org\/wp-content\/uploads\/2025\/11\/PHOTO-2025-11-19-10-01-46-1-1024x768.jpg 1024w, https:\/\/www.bomoyi.org\/wp-content\/uploads\/2025\/11\/PHOTO-2025-11-19-10-01-46-1-300x225.jpg 300w, https:\/\/www.bomoyi.org\/wp-content\/uploads\/2025\/11\/PHOTO-2025-11-19-10-01-46-1-768x576.jpg 768w, https:\/\/www.bomoyi.org\/wp-content\/uploads\/2025\/11\/PHOTO-2025-11-19-10-01-46-1-1536x1152.jpg 1536w, https:\/\/www.bomoyi.org\/wp-content\/uploads\/2025\/11\/PHOTO-2025-11-19-10-01-46-1.jpg 2048w\" sizes=\"(max-width: 1024px) 100vw, 1024px\" \/>\t\t\t\t\t\t\t\t\t\t\t\t\t\t\t<\/div>\n\t\t\t\t<\/div>\n\t\t<div class=\"elementor-element elementor-element-1c4c53d e-con-full e-flex e-con e-child\" data-id=\"1c4c53d\" data-element_type=\"container\">\n\t\t\t\t<div class=\"elementor-element elementor-element-fdc572e elementor-widget elementor-widget-text-editor\" data-id=\"fdc572e\" data-element_type=\"widget\" data-widget_type=\"text-editor.default\">\n\t\t\t\t\t\t\t\t\t<p data-path-to-node=\"5\">BOMOYI \u0153uvre pour la promotion de la solidarit\u00e9 internationale dans le domaine de la Sant\u00e9 maternelle et infantile, et de l\u2019\u00c9ducation pour tous en Afrique, ainsi que dans l\u2019autonomisation de la Femme.<\/p><ul><li data-path-to-node=\"11,0,0\"><b>Pour l&rsquo;\u00c9ducation :<\/b> Financer le mat\u00e9riel de soutien scolaire et les sorties \u00e9ducatives qui luttent contre l&rsquo;\u00e9chec.<\/li><li><p data-path-to-node=\"11,1,0\"><b>Pour la Dignit\u00e9 :<\/b> Assurer la distribution de <b>1500 colis alimentaires hebdomadaires<\/b> et de n\u00e9cessaires d&rsquo;hygi\u00e8ne (y compris la lutte contre la pr\u00e9carit\u00e9 menstruelle).<\/p><\/li><li><p data-path-to-node=\"11,2,0\"><b>Pour l&rsquo;Autonomie :<\/b> Acheter des machines \u00e0 coudre, des ordinateurs (<i>Bobigny Smart<\/i>) ou payer des formateurs pour les cours de FLE et les ateliers d&rsquo;insertion professionnelle des femmes.<\/p><\/li><\/ul>\t\t\t\t\t\t\t\t<\/div>\n\t\t\t\t<div class=\"elementor-element elementor-element-b2e3a36 elementor-align-center elementor-widget elementor-widget-button\" data-id=\"b2e3a36\" data-element_type=\"widget\" data-widget_type=\"button.default\">\n\t\t\t\t\t\t\t\t\t\t<a class=\"elementor-button elementor-button-link elementor-size-sm\" href=\"https:\/\/www.helloasso.com\/associations\/bomoyi\/collectes\/solidarite-a-goma-republique-democratique-du-congo\">\n\t\t\t\t\t\t<span class=\"elementor-button-content-wrapper\">\n\t\t\t\t\t\t\t\t\t<span class=\"elementor-button-text\">Faire un don<\/span>\n\t\t\t\t\t<\/span>\n\t\t\t\t\t<\/a>\n\t\t\t\t\t\t\t\t<\/div>\n\t\t\t\t<\/div>\n\t\t\t\t<\/div>\n\t\t\t\t\t<\/div>\n\t\t\t\t<\/div>\n\t\t<div class=\"elementor-element elementor-element-93f048d e-flex e-con-boxed e-con e-parent\" data-id=\"93f048d\" data-element_type=\"container\">\n\t\t\t\t\t<div class=\"e-con-inner\">\n\t\t\t\t<div class=\"elementor-element elementor-element-84c0098 elementor-widget elementor-widget-heading\" data-id=\"84c0098\" data-element_type=\"widget\" data-widget_type=\"heading.default\">\n\t\t\t\t\t<h3 class=\"elementor-heading-title elementor-size-default\">La D\u00e9duction Fiscale<\/h3>\t\t\t\t<\/div>\n\t\t\t\t<div class=\"elementor-element elementor-element-da601e3 elementor-widget elementor-widget-text-editor\" data-id=\"da601e3\" data-element_type=\"widget\" data-widget_type=\"text-editor.default\">\n\t\t\t\t\t\t\t\t\t<blockquote data-path-to-node=\"13\"><p data-path-to-node=\"13,0\">BOMOYI est une association d&rsquo;int\u00e9r\u00eat g\u00e9n\u00e9ral. <b>Chacun de vos dons est \u00e9ligible \u00e0 une d\u00e9duction fiscale<\/b><i>.<\/i> Un re\u00e7u fiscal vous sera automatiquement envoy\u00e9.<\/p><\/blockquote>\t\t\t\t\t\t\t\t<\/div>\n\t\t\t\t\t<\/div>\n\t\t\t\t<\/div>\n\t\t\t\t<\/div>\n\t\t","protected":false},"excerpt":{"rendered":"<p>NOUS SOUTENIR : Devenez un Pilier de l&rsquo;Action BOMOYI Faire un Don : Investir dans l&rsquo;Humain Faire un don Pourquoi [&hellip;]<\/p>\n","protected":false},"author":1,"featured_media":0,"parent":0,"menu_order":0,"comment_status":"closed","ping_status":"closed","template":"","meta":{"give_campaign_id":0,"site-sidebar-layout":"no-sidebar","site-content-layout":"","ast-site-content-layout":"full-width-container","site-content-style":"default","site-sidebar-style":"default","ast-global-header-display":"","ast-banner-title-visibility":"","ast-main-header-display":"","ast-hfb-above-header-display":"","ast-hfb-below-header-display":"","ast-hfb-mobile-header-display":"","site-post-title":"disabled","ast-breadcrumbs-content":"","ast-featured-img":"disabled","footer-sml-layout":"","theme-transparent-header-meta":"","adv-header-id-meta":"","stick-header-meta":"","header-above-stick-meta":"","header-main-stick-meta":"","header-below-stick-meta":"","astra-migrate-meta-layouts":"default","ast-page-background-enabled":"default","ast-page-background-meta":{"desktop":{"background-color":"var(--ast-global-color-5)","background-image":"","background-repeat":"repeat","background-position":"center center","background-size":"auto","background-attachment":"scroll","background-type":"","background-media":"","overlay-type":"","overlay-color":"","overlay-opacity":"","overlay-gradient":""},"tablet":{"background-color":"","background-image":"","background-repeat":"repeat","background-position":"center center","background-size":"auto","background-attachment":"scroll","background-type":"","background-media":"","overlay-type":"","overlay-color":"","overlay-opacity":"","overlay-gradient":""},"mobile":{"background-color":"","background-image":"","background-repeat":"repeat","background-position":"center center","background-size":"auto","background-attachment":"scroll","background-type":"","background-media":"","overlay-type":"","overlay-color":"","overlay-opacity":"","overlay-gradient":""}},"ast-content-background-meta":{"desktop":{"background-color":"var(--ast-global-color-4)","background-image":"","background-repeat":"repeat","background-position":"center center","background-size":"auto","background-attachment":"scroll","background-type":"","background-media":"","overlay-type":"","overlay-color":"","overlay-opacity":"","overlay-gradient":""},"tablet":{"background-color":"var(--ast-global-color-4)","background-image":"","background-repeat":"repeat","background-position":"center center","background-size":"auto","background-attachment":"scroll","background-type":"","background-media":"","overlay-type":"","overlay-color":"","overlay-opacity":"","overlay-gradient":""},"mobile":{"background-color":"var(--ast-global-color-4)","background-image":"","background-repeat":"repeat","background-position":"center center","background-size":"auto","background-attachment":"scroll","background-type":"","background-media":"","overlay-type":"","overlay-color":"","overlay-opacity":"","overlay-gradient":""}},"footnotes":""},"class_list":["post-1217","page","type-page","status-publish","hentry"],"campaignId":"","_links":{"self":[{"href":"https:\/\/www.bomoyi.org\/index.php\/wp-json\/wp\/v2\/pages\/1217","targetHints":{"allow":["GET"]}}],"collection":[{"href":"https:\/\/www.bomoyi.org\/index.php\/wp-json\/wp\/v2\/pages"}],"about":[{"href":"https:\/\/www.bomoyi.org\/index.php\/wp-json\/wp\/v2\/types\/page"}],"author":[{"embeddable":true,"href":"https:\/\/www.bomoyi.org\/index.php\/wp-json\/wp\/v2\/users\/1"}],"replies":[{"embeddable":true,"href":"https:\/\/www.bomoyi.org\/index.php\/wp-json\/wp\/v2\/comments?post=1217"}],"version-history":[{"count":70,"href":"https:\/\/www.bomoyi.org\/index.php\/wp-json\/wp\/v2\/pages\/1217\/revisions"}],"predecessor-version":[{"id":2200,"href":"https:\/\/www.bomoyi.org\/index.php\/wp-json\/wp\/v2\/pages\/1217\/revisions\/2200"}],"wp:attachment":[{"href":"https:\/\/www.bomoyi.org\/index.php\/wp-json\/wp\/v2\/media?parent=1217"}],"curies":[{"name":"wp","href":"https:\/\/api.w.org\/{rel}","templated":true}]}}