{"id":1356,"date":"2025-11-24T16:27:45","date_gmt":"2025-11-24T15:27:45","guid":{"rendered":"https:\/\/www.bomoyi.org\/?page_id=1356"},"modified":"2025-12-05T18:18:25","modified_gmt":"2025-12-05T17:18:25","slug":"vivre-ensemble","status":"publish","type":"page","link":"https:\/\/www.bomoyi.org\/index.php\/vivre-ensemble\/","title":{"rendered":"VIVRE ENSEMBLE"},"content":{"rendered":"\t\t<div data-elementor-type=\"wp-page\" data-elementor-id=\"1356\" class=\"elementor elementor-1356\" data-elementor-post-type=\"page\">\n\t\t\t\t<div class=\"elementor-element elementor-element-7bf6592 e-flex e-con-boxed e-con e-parent\" data-id=\"7bf6592\" data-element_type=\"container\">\n\t\t\t\t\t<div class=\"e-con-inner\">\n\t\t\t\t<div class=\"elementor-element elementor-element-9bd69cf elementor-widget elementor-widget-heading\" data-id=\"9bd69cf\" data-element_type=\"widget\" data-widget_type=\"heading.default\">\n\t\t\t\t\t<h2 class=\"elementor-heading-title elementor-size-default\">Le Vivre-Ensemble et la Tranquillit\u00e9 Publique<\/h2>\t\t\t\t<\/div>\n\t\t\t\t\t<\/div>\n\t\t\t\t<\/div>\n\t\t<div class=\"elementor-element elementor-element-b6cf7b1 e-flex e-con-boxed e-con e-parent\" data-id=\"b6cf7b1\" data-element_type=\"container\">\n\t\t\t\t\t<div class=\"e-con-inner\">\n\t\t\t\t<div class=\"elementor-element elementor-element-4e99f9b elementor-widget elementor-widget-text-editor\" data-id=\"4e99f9b\" data-element_type=\"widget\" data-widget_type=\"text-editor.default\">\n\t\t\t\t\t\t\t\t\t<p data-path-to-node=\"5\">L\u2019association BOMOYI est un moteur essentiel de l&rsquo;animation de la vie locale. Nous \u0153uvrons pour un environnement apais\u00e9 et inclusif, en luttant contre les sources de tension et d&rsquo;isolement, et en promouvant les valeurs de la R\u00e9publique.<\/p>\t\t\t\t\t\t\t\t<\/div>\n\t\t\t\t\t<\/div>\n\t\t\t\t<\/div>\n\t\t<div class=\"elementor-element elementor-element-388adbb e-flex e-con-boxed e-con e-parent\" data-id=\"388adbb\" data-element_type=\"container\">\n\t\t\t\t\t<div class=\"e-con-inner\">\n\t\t\t\t<div class=\"elementor-element elementor-element-35199cc elementor-widget elementor-widget-heading\" data-id=\"35199cc\" data-element_type=\"widget\" data-widget_type=\"heading.default\">\n\t\t\t\t\t<h3 class=\"elementor-heading-title elementor-size-default\">Action 1 : Activit\u00e9s Culturelles et Solidaires<\/h3>\t\t\t\t<\/div>\n\t\t\t\t\t<\/div>\n\t\t\t\t<\/div>\n\t\t<div class=\"elementor-element elementor-element-0dce774 e-flex e-con-boxed e-con e-parent\" data-id=\"0dce774\" data-element_type=\"container\">\n\t\t\t\t\t<div class=\"e-con-inner\">\n\t\t<div class=\"elementor-element elementor-element-8d9b479 e-con-full e-flex e-con e-child\" data-id=\"8d9b479\" data-element_type=\"container\">\n\t\t\t\t<div class=\"elementor-element elementor-element-5fbf21f elementor-widget elementor-widget-text-editor\" data-id=\"5fbf21f\" data-element_type=\"widget\" data-widget_type=\"text-editor.default\">\n\t\t\t\t\t\t\t\t\t<p data-path-to-node=\"9\">Au travers de nos activit\u00e9s de sorties et s\u00e9jours culturels et solidaires, nous nous effor\u00e7ons de :<\/p><ul data-path-to-node=\"10\"><li><p data-path-to-node=\"10,0,0\"><b>Lutter contre toutes formes de manifestations de violence<\/b> et les <b>\u00ab replis identitaires \u00bb<\/b> au sein de toute la cellule familiale.<\/p><\/li><li><p data-path-to-node=\"10,1,0\"><b>Contribuer \u00e0 l\u2019am\u00e9lioration du cadre de vie des Balbyniens<\/b> par multiples actions de mobilit\u00e9 des habitants pour la tranquillit\u00e9 publique.<\/p><\/li><li><p data-path-to-node=\"10,2,0\"><b>Sorties et S\u00e9jours :<\/b> Organisation d&rsquo;activit\u00e9s culturelles et solidaires pour enfants, pr\u00e9ados, adolescents et adultes, favorisant la d\u00e9couverte, l&rsquo;\u00e9change et l&rsquo;ouverture d&rsquo;esprit.<\/p><\/li><li><p data-path-to-node=\"10,3,0\"><b>Transmission Citoyenne :<\/b> Favoriser la <b>transmission des valeurs de la R\u00e9publique<\/b> (Libert\u00e9, \u00c9galit\u00e9, Fraternit\u00e9, La\u00efcit\u00e9) comme socle commun du vivre-ensemble.<\/p><\/li><\/ul>\t\t\t\t\t\t\t\t<\/div>\n\t\t\t\t<\/div>\n\t\t<div class=\"elementor-element elementor-element-59de21b e-con-full e-flex e-con e-child\" data-id=\"59de21b\" data-element_type=\"container\">\n\t\t\t\t<div class=\"elementor-element elementor-element-c367385 elementor-arrows-position-inside elementor-pagination-position-outside elementor-widget elementor-widget-image-carousel\" data-id=\"c367385\" data-element_type=\"widget\" data-settings=\"{&quot;slides_to_show&quot;:&quot;1&quot;,&quot;navigation&quot;:&quot;both&quot;,&quot;autoplay&quot;:&quot;yes&quot;,&quot;pause_on_hover&quot;:&quot;yes&quot;,&quot;pause_on_interaction&quot;:&quot;yes&quot;,&quot;autoplay_speed&quot;:5000,&quot;infinite&quot;:&quot;yes&quot;,&quot;effect&quot;:&quot;slide&quot;,&quot;speed&quot;:500}\" data-widget_type=\"image-carousel.default\">\n\t\t\t\t\t\t\t<div class=\"elementor-image-carousel-wrapper swiper\" role=\"region\" aria-roledescription=\"carousel\" aria-label=\"Carrousel d\u2019images\" dir=\"ltr\">\n\t\t\t<div class=\"elementor-image-carousel swiper-wrapper\" aria-live=\"off\">\n\t\t\t\t\t\t\t\t<div class=\"swiper-slide\" role=\"group\" aria-roledescription=\"slide\" aria-label=\"1 sur 2\"><figure class=\"swiper-slide-inner\"><img decoding=\"async\" class=\"swiper-slide-image\" src=\"https:\/\/www.bomoyi.org\/wp-content\/uploads\/2025\/12\/Bobigny1.jpg\" alt=\"Bobigny1\" \/><\/figure><\/div><div class=\"swiper-slide\" role=\"group\" aria-roledescription=\"slide\" aria-label=\"2 sur 2\"><figure class=\"swiper-slide-inner\"><img decoding=\"async\" class=\"swiper-slide-image\" src=\"https:\/\/www.bomoyi.org\/wp-content\/uploads\/2025\/11\/PHOTO-2025-11-19-10-01-46-1.jpg\" alt=\"PHOTO-2025-11-19-10-01-46\" \/><\/figure><\/div>\t\t\t<\/div>\n\t\t\t\t\t\t\t\t\t\t\t\t<div class=\"elementor-swiper-button elementor-swiper-button-prev\" role=\"button\" tabindex=\"0\">\n\t\t\t\t\t\t<svg aria-hidden=\"true\" class=\"e-font-icon-svg e-eicon-chevron-left\" viewBox=\"0 0 1000 1000\" xmlns=\"http:\/\/www.w3.org\/2000\/svg\"><path d=\"M646 125C629 125 613 133 604 142L308 442C296 454 292 471 292 487 292 504 296 521 308 533L604 854C617 867 629 875 646 875 663 875 679 871 692 858 704 846 713 829 713 812 713 796 708 779 692 767L438 487 692 225C700 217 708 204 708 187 708 171 704 154 692 142 675 129 663 125 646 125Z\"><\/path><\/svg>\t\t\t\t\t<\/div>\n\t\t\t\t\t<div class=\"elementor-swiper-button elementor-swiper-button-next\" role=\"button\" tabindex=\"0\">\n\t\t\t\t\t\t<svg aria-hidden=\"true\" class=\"e-font-icon-svg e-eicon-chevron-right\" viewBox=\"0 0 1000 1000\" xmlns=\"http:\/\/www.w3.org\/2000\/svg\"><path d=\"M696 533C708 521 713 504 713 487 713 471 708 454 696 446L400 146C388 133 375 125 354 125 338 125 325 129 313 142 300 154 292 171 292 187 292 204 296 221 308 233L563 492 304 771C292 783 288 800 288 817 288 833 296 850 308 863 321 871 338 875 354 875 371 875 388 867 400 854L696 533Z\"><\/path><\/svg>\t\t\t\t\t<\/div>\n\t\t\t\t\n\t\t\t\t\t\t\t\t\t<div class=\"swiper-pagination\"><\/div>\n\t\t\t\t\t\t\t\t\t<\/div>\n\t\t\t\t\t\t<\/div>\n\t\t\t\t<\/div>\n\t\t\t\t\t<\/div>\n\t\t\t\t<\/div>\n\t\t<div class=\"elementor-element elementor-element-aba5700 e-flex e-con-boxed e-con e-parent\" data-id=\"aba5700\" data-element_type=\"container\">\n\t\t\t\t\t<div class=\"e-con-inner\">\n\t\t\t\t<div class=\"elementor-element elementor-element-cdc0897 elementor-widget elementor-widget-spacer\" data-id=\"cdc0897\" data-element_type=\"widget\" data-widget_type=\"spacer.default\">\n\t\t\t\t\t\t\t<div class=\"elementor-spacer\">\n\t\t\t<div class=\"elementor-spacer-inner\"><\/div>\n\t\t<\/div>\n\t\t\t\t\t\t<\/div>\n\t\t\t\t\t<\/div>\n\t\t\t\t<\/div>\n\t\t<div class=\"elementor-element elementor-element-91a611c e-flex e-con-boxed e-con e-parent\" data-id=\"91a611c\" data-element_type=\"container\">\n\t\t\t\t\t<div class=\"e-con-inner\">\n\t\t\t\t<div class=\"elementor-element elementor-element-faf1b8e elementor-widget elementor-widget-spacer\" data-id=\"faf1b8e\" data-element_type=\"widget\" data-widget_type=\"spacer.default\">\n\t\t\t\t\t\t\t<div class=\"elementor-spacer\">\n\t\t\t<div class=\"elementor-spacer-inner\"><\/div>\n\t\t<\/div>\n\t\t\t\t\t\t<\/div>\n\t\t\t\t\t<\/div>\n\t\t\t\t<\/div>\n\t\t<div class=\"elementor-element elementor-element-ba1b73b e-flex e-con-boxed e-con e-parent\" data-id=\"ba1b73b\" data-element_type=\"container\">\n\t\t\t\t\t<div class=\"e-con-inner\">\n\t\t\t\t<div class=\"elementor-element elementor-element-ba65343 elementor-widget elementor-widget-heading\" data-id=\"ba65343\" data-element_type=\"widget\" data-widget_type=\"heading.default\">\n\t\t\t\t\t<h3 class=\"elementor-heading-title elementor-size-default\">Action 2 : Solidarit\u00e9 Interg\u00e9n\u00e9rationnelle<\/h3>\t\t\t\t<\/div>\n\t\t\t\t<div class=\"elementor-element elementor-element-6b3f464 elementor-widget elementor-widget-text-editor\" data-id=\"6b3f464\" data-element_type=\"widget\" data-widget_type=\"text-editor.default\">\n\t\t\t\t\t\t\t\t\t<p data-path-to-node=\"3\"><span style=\"font-style: inherit; font-weight: inherit;\">Nous agissons \u00e0 travers plusieurs leviers pour valoriser chaque \u00e2ge et tisser des liens durables :<\/span><\/p><ul data-path-to-node=\"5\"><li><p data-path-to-node=\"5,0,0\"><b>Valorisation des A\u00een\u00e9s :<\/b> Nous nous effor\u00e7ons de <b>redonner \u00e0 nos seniors un sentiment d\u2019utilit\u00e9<\/b> et leur <b>place l\u00e9gitime<\/b> dans la soci\u00e9t\u00e9 en reconnaissant la richesse de leur exp\u00e9rience.<\/p><\/li><li><p data-path-to-node=\"5,1,0\"><b>Susciter la Conscience :<\/b> Nos actions visent \u00e0 susciter aupr\u00e8s des jeunes une <b>prise de conscience de la valeur<\/b>, du <b>savoir<\/b> et du <b>v\u00e9cu<\/b> de nos seniors, encourageant le respect et l&rsquo;\u00e9coute.<\/p><\/li><li><p data-path-to-node=\"5,2,0\"><b>Responsabilit\u00e9 Citoyenne :<\/b> Nous \u0153uvrons pour que chaque individu se sente <b>responsable et capable d&rsquo;aider son prochain<\/b>, renfor\u00e7ant ainsi l&rsquo;entraide communautaire.<\/p><\/li><\/ul>\t\t\t\t\t\t\t\t<\/div>\n\t\t\t\t<div class=\"elementor-element elementor-element-22405a4 elementor-widget elementor-widget-image\" data-id=\"22405a4\" data-element_type=\"widget\" data-widget_type=\"image.default\">\n\t\t\t\t\t\t\t\t\t\t\t\t\t\t\t<img decoding=\"async\" src=\"https:\/\/www.bomoyi.org\/wp-content\/uploads\/2025\/02\/IMAGE-BEN-ALIMEN-2.gif\" title=\"IMAGE-BEN-ALIMEN-2\" alt=\"IMAGE-BEN-ALIMEN-2\" loading=\"lazy\" \/>\t\t\t\t\t\t\t\t\t\t\t\t\t\t\t<\/div>\n\t\t\t\t\t<\/div>\n\t\t\t\t<\/div>\n\t\t<div class=\"elementor-element elementor-element-6dbd27e e-flex e-con-boxed e-con e-parent\" data-id=\"6dbd27e\" data-element_type=\"container\">\n\t\t\t\t\t<div class=\"e-con-inner\">\n\t\t\t\t<div class=\"elementor-element elementor-element-39fe7af elementor-widget elementor-widget-spacer\" data-id=\"39fe7af\" data-element_type=\"widget\" data-widget_type=\"spacer.default\">\n\t\t\t\t\t\t\t<div class=\"elementor-spacer\">\n\t\t\t<div class=\"elementor-spacer-inner\"><\/div>\n\t\t<\/div>\n\t\t\t\t\t\t<\/div>\n\t\t\t\t\t<\/div>\n\t\t\t\t<\/div>\n\t\t\t\t<\/div>\n\t\t","protected":false},"excerpt":{"rendered":"<p>Le Vivre-Ensemble et la Tranquillit\u00e9 Publique L\u2019association BOMOYI est un moteur essentiel de l&rsquo;animation de la vie locale. Nous \u0153uvrons [&hellip;]<\/p>\n","protected":false},"author":1,"featured_media":0,"parent":0,"menu_order":0,"comment_status":"closed","ping_status":"closed","template":"","meta":{"give_campaign_id":0,"site-sidebar-layout":"no-sidebar","site-content-layout":"","ast-site-content-layout":"full-width-container","site-content-style":"default","site-sidebar-style":"default","ast-global-header-display":"","ast-banner-title-visibility":"","ast-main-header-display":"","ast-hfb-above-header-display":"","ast-hfb-below-header-display":"","ast-hfb-mobile-header-display":"","site-post-title":"disabled","ast-breadcrumbs-content":"","ast-featured-img":"disabled","footer-sml-layout":"","theme-transparent-header-meta":"","adv-header-id-meta":"","stick-header-meta":"","header-above-stick-meta":"","header-main-stick-meta":"","header-below-stick-meta":"","astra-migrate-meta-layouts":"default","ast-page-background-enabled":"default","ast-page-background-meta":{"desktop":{"background-color":"var(--ast-global-color-5)","background-image":"","background-repeat":"repeat","background-position":"center center","background-size":"auto","background-attachment":"scroll","background-type":"","background-media":"","overlay-type":"","overlay-color":"","overlay-opacity":"","overlay-gradient":""},"tablet":{"background-color":"","background-image":"","background-repeat":"repeat","background-position":"center center","background-size":"auto","background-attachment":"scroll","background-type":"","background-media":"","overlay-type":"","overlay-color":"","overlay-opacity":"","overlay-gradient":""},"mobile":{"background-color":"","background-image":"","background-repeat":"repeat","background-position":"center center","background-size":"auto","background-attachment":"scroll","background-type":"","background-media":"","overlay-type":"","overlay-color":"","overlay-opacity":"","overlay-gradient":""}},"ast-content-background-meta":{"desktop":{"background-color":"var(--ast-global-color-4)","background-image":"","background-repeat":"repeat","background-position":"center center","background-size":"auto","background-attachment":"scroll","background-type":"","background-media":"","overlay-type":"","overlay-color":"","overlay-opacity":"","overlay-gradient":""},"tablet":{"background-color":"var(--ast-global-color-4)","background-image":"","background-repeat":"repeat","background-position":"center center","background-size":"auto","background-attachment":"scroll","background-type":"","background-media":"","overlay-type":"","overlay-color":"","overlay-opacity":"","overlay-gradient":""},"mobile":{"background-color":"var(--ast-global-color-4)","background-image":"","background-repeat":"repeat","background-position":"center center","background-size":"auto","background-attachment":"scroll","background-type":"","background-media":"","overlay-type":"","overlay-color":"","overlay-opacity":"","overlay-gradient":""}},"footnotes":""},"class_list":["post-1356","page","type-page","status-publish","hentry"],"campaignId":"","_links":{"self":[{"href":"https:\/\/www.bomoyi.org\/index.php\/wp-json\/wp\/v2\/pages\/1356","targetHints":{"allow":["GET"]}}],"collection":[{"href":"https:\/\/www.bomoyi.org\/index.php\/wp-json\/wp\/v2\/pages"}],"about":[{"href":"https:\/\/www.bomoyi.org\/index.php\/wp-json\/wp\/v2\/types\/page"}],"author":[{"embeddable":true,"href":"https:\/\/www.bomoyi.org\/index.php\/wp-json\/wp\/v2\/users\/1"}],"replies":[{"embeddable":true,"href":"https:\/\/www.bomoyi.org\/index.php\/wp-json\/wp\/v2\/comments?post=1356"}],"version-history":[{"count":61,"href":"https:\/\/www.bomoyi.org\/index.php\/wp-json\/wp\/v2\/pages\/1356\/revisions"}],"predecessor-version":[{"id":2057,"href":"https:\/\/www.bomoyi.org\/index.php\/wp-json\/wp\/v2\/pages\/1356\/revisions\/2057"}],"wp:attachment":[{"href":"https:\/\/www.bomoyi.org\/index.php\/wp-json\/wp\/v2\/media?parent=1356"}],"curies":[{"name":"wp","href":"https:\/\/api.w.org\/{rel}","templated":true}]}}