{"id":1358,"date":"2025-11-24T16:28:20","date_gmt":"2025-11-24T15:28:20","guid":{"rendered":"https:\/\/www.bomoyi.org\/?page_id=1358"},"modified":"2025-12-11T18:04:06","modified_gmt":"2025-12-11T17:04:06","slug":"acces-droits-et-insertion","status":"publish","type":"page","link":"https:\/\/www.bomoyi.org\/index.php\/acces-droits-et-insertion\/","title":{"rendered":"ACCES DROITS ET INSERTION"},"content":{"rendered":"\t\t<div data-elementor-type=\"wp-page\" data-elementor-id=\"1358\" class=\"elementor elementor-1358\" data-elementor-post-type=\"page\">\n\t\t\t\t<div class=\"elementor-element elementor-element-fa91b0a e-flex e-con-boxed e-con e-parent\" data-id=\"fa91b0a\" data-element_type=\"container\">\n\t\t\t\t\t<div class=\"e-con-inner\">\n\t\t\t\t<div class=\"elementor-element elementor-element-1443bf5 elementor-widget elementor-widget-heading\" data-id=\"1443bf5\" data-element_type=\"widget\" data-widget_type=\"heading.default\">\n\t\t\t\t\t<h2 class=\"elementor-heading-title elementor-size-default\">Acc\u00e8s aux Droits et Insertion Socioprofessionnelle<\/h2>\t\t\t\t<\/div>\n\t\t\t\t\t<\/div>\n\t\t\t\t<\/div>\n\t\t<div class=\"elementor-element elementor-element-32b9ef1 e-flex e-con-boxed e-con e-parent\" data-id=\"32b9ef1\" data-element_type=\"container\">\n\t\t\t\t\t<div class=\"e-con-inner\">\n\t\t\t\t<div class=\"elementor-element elementor-element-9119e78 elementor-widget elementor-widget-text-editor\" data-id=\"9119e78\" data-element_type=\"widget\" data-widget_type=\"text-editor.default\">\n\t\t\t\t\t\t\t\t\t<p data-path-to-node=\"5\">L&rsquo;acc\u00e8s aux droits et l&rsquo;insertion sont des piliers de la dignit\u00e9. Dans un monde de plus en plus num\u00e9ris\u00e9, nous agissons pour garantir que les habitants de Bobigny et du 93 puissent accomplir leurs d\u00e9marches administratives, trouver un emploi et communiquer sans obstacle.<\/p>\t\t\t\t\t\t\t\t<\/div>\n\t\t\t\t\t<\/div>\n\t\t\t\t<\/div>\n\t\t<div class=\"elementor-element elementor-element-e56b4a2 e-flex e-con-boxed e-con e-parent\" data-id=\"e56b4a2\" data-element_type=\"container\">\n\t\t\t\t\t<div class=\"e-con-inner\">\n\t\t\t\t<div class=\"elementor-element elementor-element-8f2e5de elementor-widget elementor-widget-heading\" data-id=\"8f2e5de\" data-element_type=\"widget\" data-widget_type=\"heading.default\">\n\t\t\t\t\t<h3 class=\"elementor-heading-title elementor-size-default\">Lutte Contre la Fracture Num\u00e9rique : Bobigny Smart<\/h3>\t\t\t\t<\/div>\n\t\t\t\t\t<\/div>\n\t\t\t\t<\/div>\n\t\t<div class=\"elementor-element elementor-element-3a2de07 e-flex e-con-boxed e-con e-parent\" data-id=\"3a2de07\" data-element_type=\"container\">\n\t\t\t\t\t<div class=\"e-con-inner\">\n\t\t<div class=\"elementor-element elementor-element-ed462a6 e-con-full e-flex e-con e-child\" data-id=\"ed462a6\" data-element_type=\"container\">\n\t\t\t\t<div class=\"elementor-element elementor-element-46b97c6 elementor-widget elementor-widget-text-editor\" data-id=\"46b97c6\" data-element_type=\"widget\" data-widget_type=\"text-editor.default\">\n\t\t\t\t\t\t\t\t\t<p data-path-to-node=\"7\">L&rsquo;<b>illectronisme<\/b> (difficult\u00e9 ou incapacit\u00e9 \u00e0 utiliser les outils num\u00e9riques) et la <b>fracture num\u00e9rique<\/b> sont de r\u00e9els freins \u00e0 l&rsquo;autonomie et \u00e0 l&rsquo;acc\u00e8s aux services publics. BOMOYI met en place des solutions concr\u00e8tes pour y rem\u00e9dier.<\/p><ul data-path-to-node=\"9\"><li><p data-path-to-node=\"9,0,0\"><b>Public Vis\u00e9 :<\/b> Jeunes et adultes (tout public), souvent en situation de pr\u00e9carit\u00e9 num\u00e9rique.<\/p><\/li><li><p data-path-to-node=\"9,1,0\"><b>Format :<\/b> En pr\u00e9sentiel, sur des ordinateurs fixes et\/ou des tablettes.<\/p><\/li><li><p data-path-to-node=\"9,2,0\"><b>Objectif :<\/b> Doter chacun du <b>savoir-faire informatique de base<\/b> requis au bon accomplissement de leurs d\u00e9marches.<\/p><\/li><\/ul><p data-path-to-node=\"10\">Nous enseignons la ma\u00eetrise des outils essentiels pour que des services vitaux ne soient plus difficilement accessibles pour les Balbyniens :<\/p><ul data-path-to-node=\"11\"><li><p data-path-to-node=\"11,0,0\"><b>D\u00e9marches Essentielles :<\/b> Faire des d\u00e9marches administratives en ligne sur <b>P\u00f4le Emploi<\/b> ou la <b>CAF<\/b>.<\/p><\/li><li><p data-path-to-node=\"11,1,0\"><b>Paiements en Ligne :<\/b> Payer la cantine ou les factures en toute s\u00e9curit\u00e9.<\/p><\/li><li><p data-path-to-node=\"11,2,0\"><b>Communication :<\/b> Utiliser la messagerie \u00e9lectronique pour l&#8217;emploi ou l&rsquo;\u00e9cole<\/p><\/li><\/ul>\t\t\t\t\t\t\t\t<\/div>\n\t\t\t\t<\/div>\n\t\t<div class=\"elementor-element elementor-element-a68c12e e-con-full e-flex e-con e-child\" data-id=\"a68c12e\" data-element_type=\"container\">\n\t\t\t\t<div class=\"elementor-element elementor-element-526e5c5 elementor-arrows-position-inside elementor-pagination-position-outside elementor-widget elementor-widget-image-carousel\" data-id=\"526e5c5\" data-element_type=\"widget\" data-settings=\"{&quot;slides_to_show&quot;:&quot;1&quot;,&quot;navigation&quot;:&quot;both&quot;,&quot;autoplay&quot;:&quot;yes&quot;,&quot;pause_on_hover&quot;:&quot;yes&quot;,&quot;pause_on_interaction&quot;:&quot;yes&quot;,&quot;autoplay_speed&quot;:5000,&quot;infinite&quot;:&quot;yes&quot;,&quot;effect&quot;:&quot;slide&quot;,&quot;speed&quot;:500}\" data-widget_type=\"image-carousel.default\">\n\t\t\t\t\t\t\t<div class=\"elementor-image-carousel-wrapper swiper\" role=\"region\" aria-roledescription=\"carousel\" aria-label=\"Carrousel d\u2019images\" dir=\"ltr\">\n\t\t\t<div class=\"elementor-image-carousel swiper-wrapper\" aria-live=\"off\">\n\t\t\t\t\t\t\t\t<div class=\"swiper-slide\" role=\"group\" aria-roledescription=\"slide\" aria-label=\"1 sur 2\"><figure class=\"swiper-slide-inner\"><img decoding=\"async\" class=\"swiper-slide-image\" src=\"https:\/\/www.bomoyi.org\/wp-content\/uploads\/2025\/02\/COURS-D-INFORMATIQUE-VIEAC-1.gif\" alt=\"COURS-D-INFORMATIQUE-VIEAC\" \/><\/figure><\/div><div class=\"swiper-slide\" role=\"group\" aria-roledescription=\"slide\" aria-label=\"2 sur 2\"><figure class=\"swiper-slide-inner\"><img decoding=\"async\" class=\"swiper-slide-image\" src=\"https:\/\/www.bomoyi.org\/wp-content\/uploads\/2025\/11\/PHOTO-2025-11-19-10-01-27.jpg\" alt=\"PHOTO-2025-11-19-10-01-27\" \/><\/figure><\/div>\t\t\t<\/div>\n\t\t\t\t\t\t\t\t\t\t\t\t<div class=\"elementor-swiper-button elementor-swiper-button-prev\" role=\"button\" tabindex=\"0\">\n\t\t\t\t\t\t<svg aria-hidden=\"true\" class=\"e-font-icon-svg e-eicon-chevron-left\" viewBox=\"0 0 1000 1000\" xmlns=\"http:\/\/www.w3.org\/2000\/svg\"><path d=\"M646 125C629 125 613 133 604 142L308 442C296 454 292 471 292 487 292 504 296 521 308 533L604 854C617 867 629 875 646 875 663 875 679 871 692 858 704 846 713 829 713 812 713 796 708 779 692 767L438 487 692 225C700 217 708 204 708 187 708 171 704 154 692 142 675 129 663 125 646 125Z\"><\/path><\/svg>\t\t\t\t\t<\/div>\n\t\t\t\t\t<div class=\"elementor-swiper-button elementor-swiper-button-next\" role=\"button\" tabindex=\"0\">\n\t\t\t\t\t\t<svg aria-hidden=\"true\" class=\"e-font-icon-svg e-eicon-chevron-right\" viewBox=\"0 0 1000 1000\" xmlns=\"http:\/\/www.w3.org\/2000\/svg\"><path d=\"M696 533C708 521 713 504 713 487 713 471 708 454 696 446L400 146C388 133 375 125 354 125 338 125 325 129 313 142 300 154 292 171 292 187 292 204 296 221 308 233L563 492 304 771C292 783 288 800 288 817 288 833 296 850 308 863 321 871 338 875 354 875 371 875 388 867 400 854L696 533Z\"><\/path><\/svg>\t\t\t\t\t<\/div>\n\t\t\t\t\n\t\t\t\t\t\t\t\t\t<div class=\"swiper-pagination\"><\/div>\n\t\t\t\t\t\t\t\t\t<\/div>\n\t\t\t\t\t\t<\/div>\n\t\t\t\t<\/div>\n\t\t\t\t\t<\/div>\n\t\t\t\t<\/div>\n\t\t<div class=\"elementor-element elementor-element-73495a7 e-flex e-con-boxed e-con e-parent\" data-id=\"73495a7\" data-element_type=\"container\">\n\t\t\t\t\t<div class=\"e-con-inner\">\n\t\t\t\t<div class=\"elementor-element elementor-element-6d15d12 elementor-widget elementor-widget-heading\" data-id=\"6d15d12\" data-element_type=\"widget\" data-widget_type=\"heading.default\">\n\t\t\t\t\t<h3 class=\"elementor-heading-title elementor-size-default\">Lutter Contre la Barri\u00e8re de la Langue<\/h3>\t\t\t\t<\/div>\n\t\t\t\t\t<\/div>\n\t\t\t\t<\/div>\n\t\t<div class=\"elementor-element elementor-element-8442596 e-flex e-con-boxed e-con e-parent\" data-id=\"8442596\" data-element_type=\"container\">\n\t\t\t\t\t<div class=\"e-con-inner\">\n\t\t<div class=\"elementor-element elementor-element-a162e09 e-con-full e-flex e-con e-child\" data-id=\"a162e09\" data-element_type=\"container\">\n\t\t\t\t<div class=\"elementor-element elementor-element-fdebdfe elementor-arrows-position-inside elementor-pagination-position-outside elementor-widget elementor-widget-image-carousel\" data-id=\"fdebdfe\" data-element_type=\"widget\" data-settings=\"{&quot;slides_to_show&quot;:&quot;1&quot;,&quot;navigation&quot;:&quot;both&quot;,&quot;autoplay&quot;:&quot;yes&quot;,&quot;pause_on_hover&quot;:&quot;yes&quot;,&quot;pause_on_interaction&quot;:&quot;yes&quot;,&quot;autoplay_speed&quot;:5000,&quot;infinite&quot;:&quot;yes&quot;,&quot;effect&quot;:&quot;slide&quot;,&quot;speed&quot;:500}\" data-widget_type=\"image-carousel.default\">\n\t\t\t\t\t\t\t<div class=\"elementor-image-carousel-wrapper swiper\" role=\"region\" aria-roledescription=\"carousel\" aria-label=\"Carrousel d\u2019images\" dir=\"ltr\">\n\t\t\t<div class=\"elementor-image-carousel swiper-wrapper\" aria-live=\"off\">\n\t\t\t\t\t\t\t\t<div class=\"swiper-slide\" role=\"group\" aria-roledescription=\"slide\" aria-label=\"1 sur 3\"><figure class=\"swiper-slide-inner\"><img decoding=\"async\" class=\"swiper-slide-image\" src=\"https:\/\/www.bomoyi.org\/wp-content\/uploads\/2025\/11\/PHOTO-2025-11-19-10-01-27.jpg\" alt=\"PHOTO-2025-11-19-10-01-27\" \/><\/figure><\/div><div class=\"swiper-slide\" role=\"group\" aria-roledescription=\"slide\" aria-label=\"2 sur 3\"><figure class=\"swiper-slide-inner\"><img decoding=\"async\" class=\"swiper-slide-image\" src=\"https:\/\/www.bomoyi.org\/wp-content\/uploads\/2025\/02\/COURS-D4INFORMATIQUE-DU-15-MARS-281x300-2.png\" alt=\"COURS-D4INFORMATIQUE-DU-15-MARS--281x300\" \/><\/figure><\/div><div class=\"swiper-slide\" role=\"group\" aria-roledescription=\"slide\" aria-label=\"3 sur 3\"><figure class=\"swiper-slide-inner\"><img decoding=\"async\" class=\"swiper-slide-image\" src=\"https:\/\/www.bomoyi.org\/wp-content\/uploads\/2025\/02\/COURS-D-INFORMATIQUE-VIEAC-1.gif\" alt=\"COURS-D-INFORMATIQUE-VIEAC\" \/><\/figure><\/div>\t\t\t<\/div>\n\t\t\t\t\t\t\t\t\t\t\t\t<div class=\"elementor-swiper-button elementor-swiper-button-prev\" role=\"button\" tabindex=\"0\">\n\t\t\t\t\t\t<svg aria-hidden=\"true\" class=\"e-font-icon-svg e-eicon-chevron-left\" viewBox=\"0 0 1000 1000\" xmlns=\"http:\/\/www.w3.org\/2000\/svg\"><path d=\"M646 125C629 125 613 133 604 142L308 442C296 454 292 471 292 487 292 504 296 521 308 533L604 854C617 867 629 875 646 875 663 875 679 871 692 858 704 846 713 829 713 812 713 796 708 779 692 767L438 487 692 225C700 217 708 204 708 187 708 171 704 154 692 142 675 129 663 125 646 125Z\"><\/path><\/svg>\t\t\t\t\t<\/div>\n\t\t\t\t\t<div class=\"elementor-swiper-button elementor-swiper-button-next\" role=\"button\" tabindex=\"0\">\n\t\t\t\t\t\t<svg aria-hidden=\"true\" class=\"e-font-icon-svg e-eicon-chevron-right\" viewBox=\"0 0 1000 1000\" xmlns=\"http:\/\/www.w3.org\/2000\/svg\"><path d=\"M696 533C708 521 713 504 713 487 713 471 708 454 696 446L400 146C388 133 375 125 354 125 338 125 325 129 313 142 300 154 292 171 292 187 292 204 296 221 308 233L563 492 304 771C292 783 288 800 288 817 288 833 296 850 308 863 321 871 338 875 354 875 371 875 388 867 400 854L696 533Z\"><\/path><\/svg>\t\t\t\t\t<\/div>\n\t\t\t\t\n\t\t\t\t\t\t\t\t\t<div class=\"swiper-pagination\"><\/div>\n\t\t\t\t\t\t\t\t\t<\/div>\n\t\t\t\t\t\t<\/div>\n\t\t\t\t<\/div>\n\t\t<div class=\"elementor-element elementor-element-b950b73 e-con-full e-flex e-con e-child\" data-id=\"b950b73\" data-element_type=\"container\">\n\t\t\t\t<div class=\"elementor-element elementor-element-58f7140 elementor-widget elementor-widget-text-editor\" data-id=\"58f7140\" data-element_type=\"widget\" data-widget_type=\"text-editor.default\">\n\t\t\t\t\t\t\t\t\t<p data-path-to-node=\"14\">La ma\u00eetrise de la langue fran\u00e7aise est une condition <i>sine qua non<\/i> pour l&rsquo;int\u00e9gration professionnelle, sociale et l&rsquo;acc\u00e8s aux droits.<\/p><ul data-path-to-node=\"16\"><li><p data-path-to-node=\"16,0,0\"><b>Objectif :<\/b> Faciliter l&rsquo;apprentissage et l&rsquo;int\u00e9gration linguistique des nouveaux arrivants et des personnes non-francophones.<\/p><\/li><li><p data-path-to-node=\"16,1,0\"><b>Contenu :<\/b> Ax\u00e9 sur la compr\u00e9hension orale et \u00e9crite n\u00e9cessaire \u00e0 la vie quotidienne, aux d\u00e9marches administratives, et \u00e0 l&rsquo;insertion professionnelle.<\/p><\/li><li><p data-path-to-node=\"16,2,0\"><b>Public Cible :<\/b> Adultes souhaitant am\u00e9liorer leur niveau de fran\u00e7ais pour gagner en autonomie.<\/p><\/li><\/ul>\t\t\t\t\t\t\t\t<\/div>\n\t\t\t\t<\/div>\n\t\t\t\t\t<\/div>\n\t\t\t\t<\/div>\n\t\t<div class=\"elementor-element elementor-element-2ea6a33 e-flex e-con-boxed e-con e-parent\" data-id=\"2ea6a33\" data-element_type=\"container\">\n\t\t\t\t\t<div class=\"e-con-inner\">\n\t\t\t\t<div class=\"elementor-element elementor-element-551562d elementor-widget elementor-widget-heading\" data-id=\"551562d\" data-element_type=\"widget\" data-widget_type=\"heading.default\">\n\t\t\t\t\t<h3 class=\"elementor-heading-title elementor-size-default\">Accueil Administratif<\/h3>\t\t\t\t<\/div>\n\t\t\t\t\t<\/div>\n\t\t\t\t<\/div>\n\t\t<div class=\"elementor-element elementor-element-c549d30 e-flex e-con-boxed e-con e-parent\" data-id=\"c549d30\" data-element_type=\"container\">\n\t\t\t\t\t<div class=\"e-con-inner\">\n\t\t<div class=\"elementor-element elementor-element-1d51a95 e-con-full e-flex e-con e-child\" data-id=\"1d51a95\" data-element_type=\"container\">\n\t\t\t\t<div class=\"elementor-element elementor-element-3b10511 elementor-widget elementor-widget-text-editor\" data-id=\"3b10511\" data-element_type=\"widget\" data-widget_type=\"text-editor.default\">\n\t\t\t\t\t\t\t\t\t<p data-path-to-node=\"18\">Au-del\u00e0 de la formation, nous assurons un accompagnement direct face \u00e0 la complexit\u00e9 administrative.<\/p><ul data-path-to-node=\"19\"><li><p data-path-to-node=\"19,0,0\"><b>Mode d&rsquo;Action :<\/b> Aide ponctuelle et encadrement pour remplir des dossiers, comprendre des courriers officiels ou prendre des rendez-vous en ligne.<\/p><\/li><li><p data-path-to-node=\"19,1,0\"><b>Mission :<\/b> Rendre les personnes peu \u00e0 peu autonomes et en mesure de r\u00e9aliser seules les actions administratives men\u00e9es par BOMOYI, en lien avec l&rsquo;initiative de soutien \u00e0 la parentalit\u00e9.<\/p><\/li><\/ul>\t\t\t\t\t\t\t\t<\/div>\n\t\t\t\t<\/div>\n\t\t<div class=\"elementor-element elementor-element-862d6ab e-con-full e-flex e-con e-child\" data-id=\"862d6ab\" data-element_type=\"container\">\n\t\t\t\t<div class=\"elementor-element elementor-element-3290d18 elementor-arrows-position-inside elementor-pagination-position-outside elementor-widget elementor-widget-image-carousel\" data-id=\"3290d18\" data-element_type=\"widget\" data-settings=\"{&quot;slides_to_show&quot;:&quot;1&quot;,&quot;navigation&quot;:&quot;both&quot;,&quot;autoplay&quot;:&quot;yes&quot;,&quot;pause_on_hover&quot;:&quot;yes&quot;,&quot;pause_on_interaction&quot;:&quot;yes&quot;,&quot;autoplay_speed&quot;:5000,&quot;infinite&quot;:&quot;yes&quot;,&quot;effect&quot;:&quot;slide&quot;,&quot;speed&quot;:500}\" data-widget_type=\"image-carousel.default\">\n\t\t\t\t\t\t\t<div class=\"elementor-image-carousel-wrapper swiper\" role=\"region\" aria-roledescription=\"carousel\" aria-label=\"Carrousel d\u2019images\" dir=\"ltr\">\n\t\t\t<div class=\"elementor-image-carousel swiper-wrapper\" aria-live=\"off\">\n\t\t\t\t\t\t\t\t<div class=\"swiper-slide\" role=\"group\" aria-roledescription=\"slide\" aria-label=\"1 sur 3\"><figure class=\"swiper-slide-inner\"><img decoding=\"async\" class=\"swiper-slide-image\" src=\"https:\/\/www.bomoyi.org\/wp-content\/uploads\/2025\/02\/COURS-D4INFORMATIQUE-DU-15-MARS-281x300-2.png\" alt=\"COURS-D4INFORMATIQUE-DU-15-MARS--281x300\" \/><\/figure><\/div><div class=\"swiper-slide\" role=\"group\" aria-roledescription=\"slide\" aria-label=\"2 sur 3\"><figure class=\"swiper-slide-inner\"><img decoding=\"async\" class=\"swiper-slide-image\" src=\"https:\/\/www.bomoyi.org\/wp-content\/uploads\/2025\/11\/PHOTO-2025-11-19-10-01-27.jpg\" alt=\"PHOTO-2025-11-19-10-01-27\" \/><\/figure><\/div><div class=\"swiper-slide\" role=\"group\" aria-roledescription=\"slide\" aria-label=\"3 sur 3\"><figure class=\"swiper-slide-inner\"><img decoding=\"async\" class=\"swiper-slide-image\" src=\"https:\/\/www.bomoyi.org\/wp-content\/uploads\/2025\/02\/COURS-D-INFORMATIQUE-VIEAC-1.gif\" alt=\"COURS-D-INFORMATIQUE-VIEAC\" \/><\/figure><\/div>\t\t\t<\/div>\n\t\t\t\t\t\t\t\t\t\t\t\t<div class=\"elementor-swiper-button elementor-swiper-button-prev\" role=\"button\" tabindex=\"0\">\n\t\t\t\t\t\t<svg aria-hidden=\"true\" class=\"e-font-icon-svg e-eicon-chevron-left\" viewBox=\"0 0 1000 1000\" xmlns=\"http:\/\/www.w3.org\/2000\/svg\"><path d=\"M646 125C629 125 613 133 604 142L308 442C296 454 292 471 292 487 292 504 296 521 308 533L604 854C617 867 629 875 646 875 663 875 679 871 692 858 704 846 713 829 713 812 713 796 708 779 692 767L438 487 692 225C700 217 708 204 708 187 708 171 704 154 692 142 675 129 663 125 646 125Z\"><\/path><\/svg>\t\t\t\t\t<\/div>\n\t\t\t\t\t<div class=\"elementor-swiper-button elementor-swiper-button-next\" role=\"button\" tabindex=\"0\">\n\t\t\t\t\t\t<svg aria-hidden=\"true\" class=\"e-font-icon-svg e-eicon-chevron-right\" viewBox=\"0 0 1000 1000\" xmlns=\"http:\/\/www.w3.org\/2000\/svg\"><path d=\"M696 533C708 521 713 504 713 487 713 471 708 454 696 446L400 146C388 133 375 125 354 125 338 125 325 129 313 142 300 154 292 171 292 187 292 204 296 221 308 233L563 492 304 771C292 783 288 800 288 817 288 833 296 850 308 863 321 871 338 875 354 875 371 875 388 867 400 854L696 533Z\"><\/path><\/svg>\t\t\t\t\t<\/div>\n\t\t\t\t\n\t\t\t\t\t\t\t\t\t<div class=\"swiper-pagination\"><\/div>\n\t\t\t\t\t\t\t\t\t<\/div>\n\t\t\t\t\t\t<\/div>\n\t\t\t\t<\/div>\n\t\t\t\t\t<\/div>\n\t\t\t\t<\/div>\n\t\t\t\t<\/div>\n\t\t","protected":false},"excerpt":{"rendered":"<p>Acc\u00e8s aux Droits et Insertion Socioprofessionnelle L&rsquo;acc\u00e8s aux droits et l&rsquo;insertion sont des piliers de la dignit\u00e9. Dans un monde [&hellip;]<\/p>\n","protected":false},"author":1,"featured_media":0,"parent":0,"menu_order":0,"comment_status":"closed","ping_status":"closed","template":"","meta":{"give_campaign_id":0,"site-sidebar-layout":"no-sidebar","site-content-layout":"","ast-site-content-layout":"full-width-container","site-content-style":"default","site-sidebar-style":"default","ast-global-header-display":"","ast-banner-title-visibility":"","ast-main-header-display":"","ast-hfb-above-header-display":"","ast-hfb-below-header-display":"","ast-hfb-mobile-header-display":"","site-post-title":"disabled","ast-breadcrumbs-content":"","ast-featured-img":"disabled","footer-sml-layout":"","theme-transparent-header-meta":"","adv-header-id-meta":"","stick-header-meta":"","header-above-stick-meta":"","header-main-stick-meta":"","header-below-stick-meta":"","astra-migrate-meta-layouts":"default","ast-page-background-enabled":"default","ast-page-background-meta":{"desktop":{"background-color":"var(--ast-global-color-5)","background-image":"","background-repeat":"repeat","background-position":"center center","background-size":"auto","background-attachment":"scroll","background-type":"","background-media":"","overlay-type":"","overlay-color":"","overlay-opacity":"","overlay-gradient":""},"tablet":{"background-color":"","background-image":"","background-repeat":"repeat","background-position":"center center","background-size":"auto","background-attachment":"scroll","background-type":"","background-media":"","overlay-type":"","overlay-color":"","overlay-opacity":"","overlay-gradient":""},"mobile":{"background-color":"","background-image":"","background-repeat":"repeat","background-position":"center center","background-size":"auto","background-attachment":"scroll","background-type":"","background-media":"","overlay-type":"","overlay-color":"","overlay-opacity":"","overlay-gradient":""}},"ast-content-background-meta":{"desktop":{"background-color":"var(--ast-global-color-4)","background-image":"","background-repeat":"repeat","background-position":"center center","background-size":"auto","background-attachment":"scroll","background-type":"","background-media":"","overlay-type":"","overlay-color":"","overlay-opacity":"","overlay-gradient":""},"tablet":{"background-color":"var(--ast-global-color-4)","background-image":"","background-repeat":"repeat","background-position":"center center","background-size":"auto","background-attachment":"scroll","background-type":"","background-media":"","overlay-type":"","overlay-color":"","overlay-opacity":"","overlay-gradient":""},"mobile":{"background-color":"var(--ast-global-color-4)","background-image":"","background-repeat":"repeat","background-position":"center center","background-size":"auto","background-attachment":"scroll","background-type":"","background-media":"","overlay-type":"","overlay-color":"","overlay-opacity":"","overlay-gradient":""}},"footnotes":""},"class_list":["post-1358","page","type-page","status-publish","hentry"],"campaignId":"","_links":{"self":[{"href":"https:\/\/www.bomoyi.org\/index.php\/wp-json\/wp\/v2\/pages\/1358","targetHints":{"allow":["GET"]}}],"collection":[{"href":"https:\/\/www.bomoyi.org\/index.php\/wp-json\/wp\/v2\/pages"}],"about":[{"href":"https:\/\/www.bomoyi.org\/index.php\/wp-json\/wp\/v2\/types\/page"}],"author":[{"embeddable":true,"href":"https:\/\/www.bomoyi.org\/index.php\/wp-json\/wp\/v2\/users\/1"}],"replies":[{"embeddable":true,"href":"https:\/\/www.bomoyi.org\/index.php\/wp-json\/wp\/v2\/comments?post=1358"}],"version-history":[{"count":19,"href":"https:\/\/www.bomoyi.org\/index.php\/wp-json\/wp\/v2\/pages\/1358\/revisions"}],"predecessor-version":[{"id":2190,"href":"https:\/\/www.bomoyi.org\/index.php\/wp-json\/wp\/v2\/pages\/1358\/revisions\/2190"}],"wp:attachment":[{"href":"https:\/\/www.bomoyi.org\/index.php\/wp-json\/wp\/v2\/media?parent=1358"}],"curies":[{"name":"wp","href":"https:\/\/api.w.org\/{rel}","templated":true}]}}