{"id":1360,"date":"2025-11-24T16:28:49","date_gmt":"2025-11-24T15:28:49","guid":{"rendered":"https:\/\/www.bomoyi.org\/?page_id=1360"},"modified":"2025-12-11T18:05:14","modified_gmt":"2025-12-11T17:05:14","slug":"lutte-contre-la-precarite-alimentaire","status":"publish","type":"page","link":"https:\/\/www.bomoyi.org\/index.php\/lutte-contre-la-precarite-alimentaire\/","title":{"rendered":"Lutte contre la pr\u00e9carit\u00e9 alimentaire"},"content":{"rendered":"\t\t<div data-elementor-type=\"wp-page\" data-elementor-id=\"1360\" class=\"elementor elementor-1360\" data-elementor-post-type=\"page\">\n\t\t\t\t<div class=\"elementor-element elementor-element-db8eecd e-flex e-con-boxed e-con e-parent\" data-id=\"db8eecd\" data-element_type=\"container\">\n\t\t\t\t\t<div class=\"e-con-inner\">\n\t\t\t\t<div class=\"elementor-element elementor-element-362b21e elementor-widget elementor-widget-heading\" data-id=\"362b21e\" data-element_type=\"widget\" data-widget_type=\"heading.default\">\n\t\t\t\t\t<h2 class=\"elementor-heading-title elementor-size-default\">Lutte contre la Pr\u00e9carit\u00e9 Alimentaire et la Dignit\u00e9<\/h2>\t\t\t\t<\/div>\n\t\t\t\t\t<\/div>\n\t\t\t\t<\/div>\n\t\t<div class=\"elementor-element elementor-element-6322229 e-flex e-con-boxed e-con e-parent\" data-id=\"6322229\" data-element_type=\"container\">\n\t\t\t\t\t<div class=\"e-con-inner\">\n\t\t\t\t<div class=\"elementor-element elementor-element-508e47c elementor-widget elementor-widget-text-editor\" data-id=\"508e47c\" data-element_type=\"widget\" data-widget_type=\"text-editor.default\">\n\t\t\t\t\t\t\t\t\t<p data-path-to-node=\"5\">La pr\u00e9carit\u00e9 alimentaire touche de plein fouet les familles aux modestes revenus des quartiers prioritaires. BOMOYI agit comme une association de r\u00e9f\u00e9rence en contribuant \u00e0 l&rsquo;animation de la vie sociale, \u00e9ducative et culturelle des habitants, tout en r\u00e9pondant \u00e0 la <b>n\u00e9cessit\u00e9 primordiale<\/b> de se nourrir et de vivre dignement.<\/p>\t\t\t\t\t\t\t\t<\/div>\n\t\t\t\t\t<\/div>\n\t\t\t\t<\/div>\n\t\t<div class=\"elementor-element elementor-element-91f9202 e-flex e-con-boxed e-con e-parent\" data-id=\"91f9202\" data-element_type=\"container\">\n\t\t\t\t\t<div class=\"e-con-inner\">\n\t\t\t\t<div class=\"elementor-element elementor-element-f126c9e elementor-widget elementor-widget-heading\" data-id=\"f126c9e\" data-element_type=\"widget\" data-widget_type=\"heading.default\">\n\t\t\t\t\t<h3 class=\"elementor-heading-title elementor-size-default\">Solidarit\u00e9 Alimentaire : Une Aide Vitale<\/h3>\t\t\t\t<\/div>\n\t\t\t\t\t<\/div>\n\t\t\t\t<\/div>\n\t\t<div class=\"elementor-element elementor-element-5f6fa92 e-flex e-con-boxed e-con e-parent\" data-id=\"5f6fa92\" data-element_type=\"container\">\n\t\t\t\t\t<div class=\"e-con-inner\">\n\t\t<div class=\"elementor-element elementor-element-68d8197 e-con-full e-flex e-con e-child\" data-id=\"68d8197\" data-element_type=\"container\">\n\t\t\t\t<div class=\"elementor-element elementor-element-de9ec03 elementor-widget elementor-widget-text-editor\" data-id=\"de9ec03\" data-element_type=\"widget\" data-widget_type=\"text-editor.default\">\n\t\t\t\t\t\t\t\t\t<p data-path-to-node=\"7\">Nous \u0153uvrons \u00e0 apporter les meilleures r\u00e9ponses aux besoins des habitants et \u00e0 proposer des <b>solutions p\u00e9rennes<\/b> en d\u00e9veloppant des synergies solides entre acteurs locaux.<\/p><ul><li><p data-path-to-node=\"9,0,0\"><b>Centralisation des Denr\u00e9es :<\/b> En collaboration \u00e9troite avec les <b>acteurs locaux<\/b> et les <b>commer\u00e7ants de nos march\u00e9s inclus<\/b>, nous centralisons des denr\u00e9es alimentaires de premi\u00e8re n\u00e9cessit\u00e9.<\/p><\/li><li><p data-path-to-node=\"9,1,0\"><b>Distribution Gratuite :<\/b> Les aliments et les n\u00e9cessaires hygi\u00e9niques sont distribu\u00e9s gratuitement aux habitants de la ville de Bobigny et des autres villes de la Seine-Saint-Denis.<\/p><\/li><\/ul>\t\t\t\t\t\t\t\t<\/div>\n\t\t\t\t<\/div>\n\t\t<div class=\"elementor-element elementor-element-4d3a48f e-con-full e-flex e-con e-child\" data-id=\"4d3a48f\" data-element_type=\"container\">\n\t\t\t\t<div class=\"elementor-element elementor-element-bc5b587 elementor-widget elementor-widget-image\" data-id=\"bc5b587\" data-element_type=\"widget\" data-widget_type=\"image.default\">\n\t\t\t\t\t\t\t\t\t\t\t\t\t\t\t<img decoding=\"async\" src=\"https:\/\/www.bomoyi.org\/wp-content\/uploads\/2025\/12\/Distri5jeunes-scaled.jpg\" title=\"Distri5jeunes\" alt=\"Distri5jeunes\" loading=\"lazy\" \/>\t\t\t\t\t\t\t\t\t\t\t\t\t\t\t<\/div>\n\t\t\t\t<\/div>\n\t\t\t\t\t<\/div>\n\t\t\t\t<\/div>\n\t\t<div class=\"elementor-element elementor-element-f0b1171 e-flex e-con-boxed e-con e-parent\" data-id=\"f0b1171\" data-element_type=\"container\">\n\t\t\t\t\t<div class=\"e-con-inner\">\n\t\t\t\t<div class=\"elementor-element elementor-element-c72e82a elementor-widget elementor-widget-heading\" data-id=\"c72e82a\" data-element_type=\"widget\" data-widget_type=\"heading.default\">\n\t\t\t\t\t<h3 class=\"elementor-heading-title elementor-size-default\">Lutter contre la Pr\u00e9carit\u00e9 Menstruelle<\/h3>\t\t\t\t<\/div>\n\t\t\t\t\t<\/div>\n\t\t\t\t<\/div>\n\t\t<div class=\"elementor-element elementor-element-1c521fb e-flex e-con-boxed e-con e-parent\" data-id=\"1c521fb\" data-element_type=\"container\">\n\t\t\t\t\t<div class=\"e-con-inner\">\n\t\t<div class=\"elementor-element elementor-element-5b908f0 e-con-full e-flex e-con e-child\" data-id=\"5b908f0\" data-element_type=\"container\">\n\t\t\t\t<div class=\"elementor-element elementor-element-7eda436 elementor-arrows-position-inside elementor-pagination-position-outside elementor-widget elementor-widget-image-carousel\" data-id=\"7eda436\" data-element_type=\"widget\" data-settings=\"{&quot;slides_to_show&quot;:&quot;1&quot;,&quot;navigation&quot;:&quot;both&quot;,&quot;autoplay&quot;:&quot;yes&quot;,&quot;pause_on_hover&quot;:&quot;yes&quot;,&quot;pause_on_interaction&quot;:&quot;yes&quot;,&quot;autoplay_speed&quot;:5000,&quot;infinite&quot;:&quot;yes&quot;,&quot;effect&quot;:&quot;slide&quot;,&quot;speed&quot;:500}\" data-widget_type=\"image-carousel.default\">\n\t\t\t\t\t\t\t<div class=\"elementor-image-carousel-wrapper swiper\" role=\"region\" aria-roledescription=\"carousel\" aria-label=\"Carrousel d\u2019images\" dir=\"ltr\">\n\t\t\t<div class=\"elementor-image-carousel swiper-wrapper\" aria-live=\"off\">\n\t\t\t\t\t\t\t\t<div class=\"swiper-slide\" role=\"group\" aria-roledescription=\"slide\" aria-label=\"1 sur 2\"><figure class=\"swiper-slide-inner\"><img decoding=\"async\" class=\"swiper-slide-image\" src=\"https:\/\/www.bomoyi.org\/wp-content\/uploads\/2025\/12\/Distri3-scaled.jpg\" alt=\"Distri3\" \/><\/figure><\/div><div class=\"swiper-slide\" role=\"group\" aria-roledescription=\"slide\" aria-label=\"2 sur 2\"><figure class=\"swiper-slide-inner\"><img decoding=\"async\" class=\"swiper-slide-image\" src=\"https:\/\/www.bomoyi.org\/wp-content\/uploads\/2025\/12\/Distri1-scaled.jpg\" alt=\"Distri1\" \/><\/figure><\/div>\t\t\t<\/div>\n\t\t\t\t\t\t\t\t\t\t\t\t<div class=\"elementor-swiper-button elementor-swiper-button-prev\" role=\"button\" tabindex=\"0\">\n\t\t\t\t\t\t<svg aria-hidden=\"true\" class=\"e-font-icon-svg e-eicon-chevron-left\" viewBox=\"0 0 1000 1000\" xmlns=\"http:\/\/www.w3.org\/2000\/svg\"><path d=\"M646 125C629 125 613 133 604 142L308 442C296 454 292 471 292 487 292 504 296 521 308 533L604 854C617 867 629 875 646 875 663 875 679 871 692 858 704 846 713 829 713 812 713 796 708 779 692 767L438 487 692 225C700 217 708 204 708 187 708 171 704 154 692 142 675 129 663 125 646 125Z\"><\/path><\/svg>\t\t\t\t\t<\/div>\n\t\t\t\t\t<div class=\"elementor-swiper-button elementor-swiper-button-next\" role=\"button\" tabindex=\"0\">\n\t\t\t\t\t\t<svg aria-hidden=\"true\" class=\"e-font-icon-svg e-eicon-chevron-right\" viewBox=\"0 0 1000 1000\" xmlns=\"http:\/\/www.w3.org\/2000\/svg\"><path d=\"M696 533C708 521 713 504 713 487 713 471 708 454 696 446L400 146C388 133 375 125 354 125 338 125 325 129 313 142 300 154 292 171 292 187 292 204 296 221 308 233L563 492 304 771C292 783 288 800 288 817 288 833 296 850 308 863 321 871 338 875 354 875 371 875 388 867 400 854L696 533Z\"><\/path><\/svg>\t\t\t\t\t<\/div>\n\t\t\t\t\n\t\t\t\t\t\t\t\t\t<div class=\"swiper-pagination\"><\/div>\n\t\t\t\t\t\t\t\t\t<\/div>\n\t\t\t\t\t\t<\/div>\n\t\t\t\t<\/div>\n\t\t<div class=\"elementor-element elementor-element-efbdb55 e-con-full e-flex e-con e-child\" data-id=\"efbdb55\" data-element_type=\"container\">\n\t\t\t\t<div class=\"elementor-element elementor-element-5ec3f40 elementor-widget elementor-widget-text-editor\" data-id=\"5ec3f40\" data-element_type=\"widget\" data-widget_type=\"text-editor.default\">\n\t\t\t\t\t\t\t\t\t<p data-path-to-node=\"15\">La pr\u00e9carit\u00e9 menstruelle est un frein \u00e0 la dignit\u00e9 et \u00e0 la scolarit\u00e9 des jeunes filles. BOMOYI int\u00e8gre cette lutte essentielle dans son action de solidarit\u00e9.<\/p><ul data-path-to-node=\"16\"><li><p data-path-to-node=\"16,0,0\"><b>Notre Engagement :<\/b> Nous \u0153uvrons pour subvenir \u00e0 la n\u00e9cessit\u00e9 primordiale de la jeune fille et de la femme de bien vivre ses p\u00e9riodes menstruelles <b>en toute dignit\u00e9 et confort<\/b>.<\/p><\/li><li><p data-path-to-node=\"16,1,0\"><b>Actions :<\/b> Int\u00e9gration de produits d&rsquo;hygi\u00e8ne f\u00e9minine (serviettes, tampons) dans les distributions hebdomadaires.<\/p><\/li><\/ul>\t\t\t\t\t\t\t\t<\/div>\n\t\t\t\t<\/div>\n\t\t\t\t\t<\/div>\n\t\t\t\t<\/div>\n\t\t<div class=\"elementor-element elementor-element-975c7a7 e-flex e-con-boxed e-con e-parent\" data-id=\"975c7a7\" data-element_type=\"container\">\n\t\t\t\t\t<div class=\"e-con-inner\">\n\t\t\t\t<div class=\"elementor-element elementor-element-113fa64 elementor-widget-divider--view-line elementor-widget elementor-widget-divider\" data-id=\"113fa64\" data-element_type=\"widget\" data-widget_type=\"divider.default\">\n\t\t\t\t\t\t\t<div class=\"elementor-divider\">\n\t\t\t<span class=\"elementor-divider-separator\">\n\t\t\t\t\t\t<\/span>\n\t\t<\/div>\n\t\t\t\t\t\t<\/div>\n\t\t\t\t\t<\/div>\n\t\t\t\t<\/div>\n\t\t<div class=\"elementor-element elementor-element-f2128ee e-flex e-con-boxed e-con e-parent\" data-id=\"f2128ee\" data-element_type=\"container\">\n\t\t\t\t\t<div class=\"e-con-inner\">\n\t\t\t\t<div class=\"elementor-element elementor-element-4b4d845 elementor-widget elementor-widget-heading\" data-id=\"4b4d845\" data-element_type=\"widget\" data-widget_type=\"heading.default\">\n\t\t\t\t\t<h3 class=\"elementor-heading-title elementor-size-default\">D\u00e9velopper les Synergies Locales<\/h3>\t\t\t\t<\/div>\n\t\t\t\t\t<\/div>\n\t\t\t\t<\/div>\n\t\t<div class=\"elementor-element elementor-element-e16970f e-flex e-con-boxed e-con e-parent\" data-id=\"e16970f\" data-element_type=\"container\">\n\t\t\t\t\t<div class=\"e-con-inner\">\n\t\t\t\t<div class=\"elementor-element elementor-element-0faeb8d elementor-widget elementor-widget-text-editor\" data-id=\"0faeb8d\" data-element_type=\"widget\" data-widget_type=\"text-editor.default\">\n\t\t\t\t\t\t\t\t\t<p data-path-to-node=\"19\">Nous encourageons les <b>initiatives associatives innovantes<\/b> dans les quartiers QPV et pr\u00f4nons le d\u00e9veloppement de <b>synergies entre acteurs locaux<\/b> (commer\u00e7ants, institutions) afin de r\u00e9pondre au mieux aux besoins primaires et sp\u00e9cifiques des habitants.<\/p><p data-path-to-node=\"20\">Notre collaboration avec les services sociaux fait de BOMOYI un <b>point d&rsquo;appui essentiel<\/b> pour les nombreuses personnes dans le besoin qui nous sont envoy\u00e9es par les structures d&rsquo;aide<\/p>\t\t\t\t\t\t\t\t<\/div>\n\t\t\t\t\t<\/div>\n\t\t\t\t<\/div>\n\t\t\t\t<\/div>\n\t\t","protected":false},"excerpt":{"rendered":"<p>Lutte contre la Pr\u00e9carit\u00e9 Alimentaire et la Dignit\u00e9 La pr\u00e9carit\u00e9 alimentaire touche de plein fouet les familles aux modestes revenus [&hellip;]<\/p>\n","protected":false},"author":1,"featured_media":0,"parent":0,"menu_order":0,"comment_status":"closed","ping_status":"closed","template":"","meta":{"give_campaign_id":0,"site-sidebar-layout":"no-sidebar","site-content-layout":"","ast-site-content-layout":"full-width-container","site-content-style":"default","site-sidebar-style":"default","ast-global-header-display":"","ast-banner-title-visibility":"","ast-main-header-display":"","ast-hfb-above-header-display":"","ast-hfb-below-header-display":"","ast-hfb-mobile-header-display":"","site-post-title":"disabled","ast-breadcrumbs-content":"","ast-featured-img":"disabled","footer-sml-layout":"","theme-transparent-header-meta":"","adv-header-id-meta":"","stick-header-meta":"","header-above-stick-meta":"","header-main-stick-meta":"","header-below-stick-meta":"","astra-migrate-meta-layouts":"default","ast-page-background-enabled":"default","ast-page-background-meta":{"desktop":{"background-color":"var(--ast-global-color-5)","background-image":"","background-repeat":"repeat","background-position":"center center","background-size":"auto","background-attachment":"scroll","background-type":"","background-media":"","overlay-type":"","overlay-color":"","overlay-opacity":"","overlay-gradient":""},"tablet":{"background-color":"","background-image":"","background-repeat":"repeat","background-position":"center center","background-size":"auto","background-attachment":"scroll","background-type":"","background-media":"","overlay-type":"","overlay-color":"","overlay-opacity":"","overlay-gradient":""},"mobile":{"background-color":"","background-image":"","background-repeat":"repeat","background-position":"center center","background-size":"auto","background-attachment":"scroll","background-type":"","background-media":"","overlay-type":"","overlay-color":"","overlay-opacity":"","overlay-gradient":""}},"ast-content-background-meta":{"desktop":{"background-color":"var(--ast-global-color-4)","background-image":"","background-repeat":"repeat","background-position":"center center","background-size":"auto","background-attachment":"scroll","background-type":"","background-media":"","overlay-type":"","overlay-color":"","overlay-opacity":"","overlay-gradient":""},"tablet":{"background-color":"var(--ast-global-color-4)","background-image":"","background-repeat":"repeat","background-position":"center center","background-size":"auto","background-attachment":"scroll","background-type":"","background-media":"","overlay-type":"","overlay-color":"","overlay-opacity":"","overlay-gradient":""},"mobile":{"background-color":"var(--ast-global-color-4)","background-image":"","background-repeat":"repeat","background-position":"center center","background-size":"auto","background-attachment":"scroll","background-type":"","background-media":"","overlay-type":"","overlay-color":"","overlay-opacity":"","overlay-gradient":""}},"footnotes":""},"class_list":["post-1360","page","type-page","status-publish","hentry"],"campaignId":"","_links":{"self":[{"href":"https:\/\/www.bomoyi.org\/index.php\/wp-json\/wp\/v2\/pages\/1360","targetHints":{"allow":["GET"]}}],"collection":[{"href":"https:\/\/www.bomoyi.org\/index.php\/wp-json\/wp\/v2\/pages"}],"about":[{"href":"https:\/\/www.bomoyi.org\/index.php\/wp-json\/wp\/v2\/types\/page"}],"author":[{"embeddable":true,"href":"https:\/\/www.bomoyi.org\/index.php\/wp-json\/wp\/v2\/users\/1"}],"replies":[{"embeddable":true,"href":"https:\/\/www.bomoyi.org\/index.php\/wp-json\/wp\/v2\/comments?post=1360"}],"version-history":[{"count":31,"href":"https:\/\/www.bomoyi.org\/index.php\/wp-json\/wp\/v2\/pages\/1360\/revisions"}],"predecessor-version":[{"id":2193,"href":"https:\/\/www.bomoyi.org\/index.php\/wp-json\/wp\/v2\/pages\/1360\/revisions\/2193"}],"wp:attachment":[{"href":"https:\/\/www.bomoyi.org\/index.php\/wp-json\/wp\/v2\/media?parent=1360"}],"curies":[{"name":"wp","href":"https:\/\/api.w.org\/{rel}","templated":true}]}}