{"id":1745,"date":"2025-12-05T10:30:21","date_gmt":"2025-12-05T09:30:21","guid":{"rendered":"https:\/\/www.bomoyi.org\/?page_id=1745"},"modified":"2025-12-05T11:01:18","modified_gmt":"2025-12-05T10:01:18","slug":"prevention-sante","status":"publish","type":"page","link":"https:\/\/www.bomoyi.org\/index.php\/prevention-sante\/","title":{"rendered":"Pr\u00e9vention sant\u00e9"},"content":{"rendered":"\t\t<div data-elementor-type=\"wp-page\" data-elementor-id=\"1745\" class=\"elementor elementor-1745\" data-elementor-post-type=\"page\">\n\t\t\t\t<div class=\"elementor-element elementor-element-44e599c e-flex e-con-boxed e-con e-parent\" data-id=\"44e599c\" data-element_type=\"container\">\n\t\t\t\t\t<div class=\"e-con-inner\">\n\t\t<div class=\"elementor-element elementor-element-ab07c86 e-con-full e-flex e-con e-child\" data-id=\"ab07c86\" data-element_type=\"container\">\n\t\t\t\t<div class=\"elementor-element elementor-element-83ded89 elementor-widget elementor-widget-heading\" data-id=\"83ded89\" data-element_type=\"widget\" data-widget_type=\"heading.default\">\n\t\t\t\t\t<h2 class=\"elementor-heading-title elementor-size-default\">Pr\u00e9vention sant\u00e9\n<\/h2>\t\t\t\t<\/div>\n\t\t\t\t<div class=\"elementor-element elementor-element-5d50b4e elementor-widget elementor-widget-heading\" data-id=\"5d50b4e\" data-element_type=\"widget\" data-widget_type=\"heading.default\">\n\t\t\t\t\t<h3 class=\"elementor-heading-title elementor-size-default\">Sensibiliser pour Sauver des Vies<\/h3>\t\t\t\t<\/div>\n\t\t\t\t<\/div>\n\t\t\t\t\t<\/div>\n\t\t\t\t<\/div>\n\t\t<div class=\"elementor-element elementor-element-49beb07 e-flex e-con-boxed e-con e-parent\" data-id=\"49beb07\" data-element_type=\"container\">\n\t\t\t\t\t<div class=\"e-con-inner\">\n\t\t<div class=\"elementor-element elementor-element-d5b1061 e-con-full e-flex e-con e-child\" data-id=\"d5b1061\" data-element_type=\"container\">\n\t\t<div class=\"elementor-element elementor-element-d844020 e-con-full e-flex e-con e-child\" data-id=\"d844020\" data-element_type=\"container\">\n\t\t\t\t<div class=\"elementor-element elementor-element-bc07926 elementor-widget elementor-widget-text-editor\" data-id=\"bc07926\" data-element_type=\"widget\" data-widget_type=\"text-editor.default\">\n\t\t\t\t\t\t\t\t\t<p><span style=\"font-weight: 400;\">BOMOYI organise des ateliers de sensibilisation sur les premiers gestes de secours \u00e0 apporter pour sauver des vies. La n\u00e9cessit\u00e9 peut \u00eatre av\u00e9r\u00e9e dans divers milieux, tel que dans la famille, dans la rue, \u00e0 l\u2019\u00e9cole, au supermarch\u00e9, afin de pr\u00e9munir tout un chacun de la connaissance utile et requise pour sauver des vies, \u00e0 tout \u00e2ge.\u00a0<\/span><\/p><p><span style=\"font-weight: 400;\">Nous oeuvrons pour continuer \u00e0 sensibiliser et \u00e0 information les habitants aux gestes barri\u00e8res \u00e0 adopter et mesures de rigueur \u00e0 conna\u00eetre pour se pr\u00e9server et ainsi prot\u00e9ger les autres de l\u2019\u00e9pid\u00e9mie du Coronavirus avec laquelle nous devons d\u00e9sormais cohabiter.<\/span><\/p><p><span style=\"font-weight: 400;\">Il est primordial de maintenir ces ateliers de sensibilisation aux pand\u00e9mies, aux gestes, aux automatismes essentiels \u00e0 conna\u00eetre.<\/span><\/p>\t\t\t\t\t\t\t\t<\/div>\n\t\t\t\t<\/div>\n\t\t<div class=\"elementor-element elementor-element-243c0e8 e-con-full e-flex e-con e-child\" data-id=\"243c0e8\" data-element_type=\"container\">\n\t\t\t\t<div class=\"elementor-element elementor-element-9d57e40 elementor-widget elementor-widget-image\" data-id=\"9d57e40\" data-element_type=\"widget\" data-widget_type=\"image.default\">\n\t\t\t\t\t\t\t\t\t\t\t\t\t\t\t<img fetchpriority=\"high\" decoding=\"async\" width=\"1024\" height=\"683\" src=\"https:\/\/www.bomoyi.org\/wp-content\/uploads\/2025\/12\/Distri2-1024x683.jpg\" class=\"attachment-large size-large wp-image-1779\" alt=\"\" srcset=\"https:\/\/www.bomoyi.org\/wp-content\/uploads\/2025\/12\/Distri2-1024x683.jpg 1024w, https:\/\/www.bomoyi.org\/wp-content\/uploads\/2025\/12\/Distri2-300x200.jpg 300w, https:\/\/www.bomoyi.org\/wp-content\/uploads\/2025\/12\/Distri2-768x512.jpg 768w, https:\/\/www.bomoyi.org\/wp-content\/uploads\/2025\/12\/Distri2-1536x1024.jpg 1536w, https:\/\/www.bomoyi.org\/wp-content\/uploads\/2025\/12\/Distri2-2048x1365.jpg 2048w\" sizes=\"(max-width: 1024px) 100vw, 1024px\" \/>\t\t\t\t\t\t\t\t\t\t\t\t\t\t\t<\/div>\n\t\t\t\t<\/div>\n\t\t\t\t<\/div>\n\t\t\t\t\t<\/div>\n\t\t\t\t<\/div>\n\t\t<div class=\"elementor-element elementor-element-305af4e e-flex e-con-boxed e-con e-parent\" data-id=\"305af4e\" data-element_type=\"container\">\n\t\t\t\t\t<div class=\"e-con-inner\">\n\t\t\t\t<div class=\"elementor-element elementor-element-7a93814 elementor-widget elementor-widget-text-editor\" data-id=\"7a93814\" data-element_type=\"widget\" data-widget_type=\"text-editor.default\">\n\t\t\t\t\t\t\t\t\t<p><b>BOMOYI \u0153uvre pour l\u2019animation de la vie sociale, \u00e9ducative et culturelle des quartiers populaires de la ville de Bobigny, les Quartiers Populaires de la Politique de la Ville (QPV), pour la tranquillit\u00e9 publique, la pr\u00e9vention de la violence en vu du vivre ensemble et de la coh\u00e9sion sociale. BOMOYI encouragement des initiatives associatives innovantes dans les quartiers QPV, pour un Bobigny meilleur\u00a0!<\/b><\/p>\t\t\t\t\t\t\t\t<\/div>\n\t\t\t\t\t<\/div>\n\t\t\t\t<\/div>\n\t\t\t\t<\/div>\n\t\t","protected":false},"excerpt":{"rendered":"<p>Pr\u00e9vention sant\u00e9 Sensibiliser pour Sauver des Vies BOMOYI organise des ateliers de sensibilisation sur les premiers gestes de secours \u00e0 [&hellip;]<\/p>\n","protected":false},"author":1,"featured_media":0,"parent":0,"menu_order":0,"comment_status":"closed","ping_status":"closed","template":"","meta":{"give_campaign_id":0,"site-sidebar-layout":"no-sidebar","site-content-layout":"","ast-site-content-layout":"full-width-container","site-content-style":"default","site-sidebar-style":"default","ast-global-header-display":"","ast-banner-title-visibility":"","ast-main-header-display":"","ast-hfb-above-header-display":"","ast-hfb-below-header-display":"","ast-hfb-mobile-header-display":"","site-post-title":"disabled","ast-breadcrumbs-content":"","ast-featured-img":"disabled","footer-sml-layout":"","theme-transparent-header-meta":"","adv-header-id-meta":"","stick-header-meta":"","header-above-stick-meta":"","header-main-stick-meta":"","header-below-stick-meta":"","astra-migrate-meta-layouts":"default","ast-page-background-enabled":"default","ast-page-background-meta":{"desktop":{"background-color":"var(--ast-global-color-5)","background-image":"","background-repeat":"repeat","background-position":"center center","background-size":"auto","background-attachment":"scroll","background-type":"","background-media":"","overlay-type":"","overlay-color":"","overlay-opacity":"","overlay-gradient":""},"tablet":{"background-color":"","background-image":"","background-repeat":"repeat","background-position":"center center","background-size":"auto","background-attachment":"scroll","background-type":"","background-media":"","overlay-type":"","overlay-color":"","overlay-opacity":"","overlay-gradient":""},"mobile":{"background-color":"","background-image":"","background-repeat":"repeat","background-position":"center center","background-size":"auto","background-attachment":"scroll","background-type":"","background-media":"","overlay-type":"","overlay-color":"","overlay-opacity":"","overlay-gradient":""}},"ast-content-background-meta":{"desktop":{"background-color":"var(--ast-global-color-4)","background-image":"","background-repeat":"repeat","background-position":"center center","background-size":"auto","background-attachment":"scroll","background-type":"","background-media":"","overlay-type":"","overlay-color":"","overlay-opacity":"","overlay-gradient":""},"tablet":{"background-color":"var(--ast-global-color-4)","background-image":"","background-repeat":"repeat","background-position":"center center","background-size":"auto","background-attachment":"scroll","background-type":"","background-media":"","overlay-type":"","overlay-color":"","overlay-opacity":"","overlay-gradient":""},"mobile":{"background-color":"var(--ast-global-color-4)","background-image":"","background-repeat":"repeat","background-position":"center center","background-size":"auto","background-attachment":"scroll","background-type":"","background-media":"","overlay-type":"","overlay-color":"","overlay-opacity":"","overlay-gradient":""}},"footnotes":""},"class_list":["post-1745","page","type-page","status-publish","hentry"],"campaignId":"","_links":{"self":[{"href":"https:\/\/www.bomoyi.org\/index.php\/wp-json\/wp\/v2\/pages\/1745","targetHints":{"allow":["GET"]}}],"collection":[{"href":"https:\/\/www.bomoyi.org\/index.php\/wp-json\/wp\/v2\/pages"}],"about":[{"href":"https:\/\/www.bomoyi.org\/index.php\/wp-json\/wp\/v2\/types\/page"}],"author":[{"embeddable":true,"href":"https:\/\/www.bomoyi.org\/index.php\/wp-json\/wp\/v2\/users\/1"}],"replies":[{"embeddable":true,"href":"https:\/\/www.bomoyi.org\/index.php\/wp-json\/wp\/v2\/comments?post=1745"}],"version-history":[{"count":22,"href":"https:\/\/www.bomoyi.org\/index.php\/wp-json\/wp\/v2\/pages\/1745\/revisions"}],"predecessor-version":[{"id":1811,"href":"https:\/\/www.bomoyi.org\/index.php\/wp-json\/wp\/v2\/pages\/1745\/revisions\/1811"}],"wp:attachment":[{"href":"https:\/\/www.bomoyi.org\/index.php\/wp-json\/wp\/v2\/media?parent=1745"}],"curies":[{"name":"wp","href":"https:\/\/api.w.org\/{rel}","templated":true}]}}