{"id":1762,"date":"2025-12-05T10:33:42","date_gmt":"2025-12-05T09:33:42","guid":{"rendered":"https:\/\/www.bomoyi.org\/?page_id=1762"},"modified":"2025-12-05T18:23:25","modified_gmt":"2025-12-05T17:23:25","slug":"legalite-femmes-hommes","status":"publish","type":"page","link":"https:\/\/www.bomoyi.org\/index.php\/legalite-femmes-hommes\/","title":{"rendered":"L\u2019\u00e9galit\u00e9 femmes-hommes"},"content":{"rendered":"\t\t<div data-elementor-type=\"wp-page\" data-elementor-id=\"1762\" class=\"elementor elementor-1762\" data-elementor-post-type=\"page\">\n\t\t\t\t<div class=\"elementor-element elementor-element-372fd5b e-flex e-con-boxed e-con e-parent\" data-id=\"372fd5b\" data-element_type=\"container\">\n\t\t\t\t\t<div class=\"e-con-inner\">\n\t\t<div class=\"elementor-element elementor-element-4684ff4 e-con-full e-flex e-con e-child\" data-id=\"4684ff4\" data-element_type=\"container\">\n\t\t\t\t<div class=\"elementor-element elementor-element-f016e8c elementor-widget elementor-widget-heading\" data-id=\"f016e8c\" data-element_type=\"widget\" data-widget_type=\"heading.default\">\n\t\t\t\t\t<h2 class=\"elementor-heading-title elementor-size-default\">L\u2019\u00e9galit\u00e9 femmes-hommes<\/h2>\t\t\t\t<\/div>\n\t\t\t\t<div class=\"elementor-element elementor-element-e920eab elementor-widget elementor-widget-heading\" data-id=\"e920eab\" data-element_type=\"widget\" data-widget_type=\"heading.default\">\n\t\t\t\t\t<h3 class=\"elementor-heading-title elementor-size-default\">Autonomisation de la femme \n<\/h3>\t\t\t\t<\/div>\n\t\t\t\t<\/div>\n\t\t\t\t\t<\/div>\n\t\t\t\t<\/div>\n\t\t<div class=\"elementor-element elementor-element-d632c36 e-flex e-con-boxed e-con e-parent\" data-id=\"d632c36\" data-element_type=\"container\">\n\t\t\t\t\t<div class=\"e-con-inner\">\n\t\t\t\t<div class=\"elementor-element elementor-element-a44b17c elementor-widget elementor-widget-text-editor\" data-id=\"a44b17c\" data-element_type=\"widget\" data-widget_type=\"text-editor.default\">\n\t\t\t\t\t\t\t\t\t<p><span style=\"font-weight: 400;\">A l\u2019heure o\u00f9 une femme sur deux ayant port\u00e9 plainte contre son conjoint pour violence, meurt. Bomoyi souhaite doter les femmes d\u2019un bagage intellectuelle n\u00e9cessaire \u00e0 leur autonomisation et prise en charge individuelle, afin notamment d\u2019enrayer ce sentiment de d\u00e9pendance totale en son conjoint-bourreau.<\/span><\/p>\t\t\t\t\t\t\t\t<\/div>\n\t\t\t\t\t<\/div>\n\t\t\t\t<\/div>\n\t\t<div class=\"elementor-element elementor-element-82565fb e-flex e-con-boxed e-con e-parent\" data-id=\"82565fb\" data-element_type=\"container\">\n\t\t\t\t\t<div class=\"e-con-inner\">\n\t\t<div class=\"elementor-element elementor-element-8c333b8 e-con-full e-flex e-con e-child\" data-id=\"8c333b8\" data-element_type=\"container\">\n\t\t<div class=\"elementor-element elementor-element-b51399e e-con-full e-flex e-con e-child\" data-id=\"b51399e\" data-element_type=\"container\">\n\t\t\t\t<div class=\"elementor-element elementor-element-0534f87 elementor-widget elementor-widget-text-editor\" data-id=\"0534f87\" data-element_type=\"widget\" data-widget_type=\"text-editor.default\">\n\t\t\t\t\t\t\t\t\t<p>Des ateliers de dialogues et d\u2019initiation \u00e0 des m\u00e9tiers manuels avec la collaboration de professionnels de diverses branches d\u2019activit\u00e9s <span style=\"font-weight: 400;\">(<\/span>Ateliers couture, p\u00e2tisseries, boulangerie, coiffure, etc<span style=\"font-weight: 400;\">.) <\/span>seront donc propos\u00e9s aux femmes pour ce faire. Des sorties de groupes seront \u00e9galement organis\u00e9es afin de placer les int\u00e9ress\u00e9es en situation au sein m\u00eame des lieux habituels d\u2019exercice de ces divers m\u00e9tiers.<\/p><p>Insertion Professionnelle\u00a0:<span style=\"font-weight: 400;\"> une <\/span>attention particuli\u00e8re est accord\u00e9e aux femmes au travers des formations diverses <span style=\"font-weight: 400;\">\u00e0 leur attention, dont des formations \u00e0 <\/span>l\u2019apprentissage de la couture, et de la langue fran\u00e7aise afin de mieux les \u00e9quiper pour une meilleure insertion professionnelle<span style=\"font-weight: 400;\"> et les sortir ainsi de l\u2019ombre et de l\u2019isolement.<\/span><\/p>\t\t\t\t\t\t\t\t<\/div>\n\t\t\t\t<\/div>\n\t\t<div class=\"elementor-element elementor-element-4e1c01f e-con-full e-flex e-con e-child\" data-id=\"4e1c01f\" data-element_type=\"container\">\n\t\t\t\t<div class=\"elementor-element elementor-element-a2aa63c elementor-arrows-position-inside elementor-pagination-position-outside elementor-widget elementor-widget-image-carousel\" data-id=\"a2aa63c\" data-element_type=\"widget\" data-settings=\"{&quot;slides_to_show&quot;:&quot;1&quot;,&quot;navigation&quot;:&quot;both&quot;,&quot;autoplay&quot;:&quot;yes&quot;,&quot;pause_on_hover&quot;:&quot;yes&quot;,&quot;pause_on_interaction&quot;:&quot;yes&quot;,&quot;autoplay_speed&quot;:5000,&quot;infinite&quot;:&quot;yes&quot;,&quot;effect&quot;:&quot;slide&quot;,&quot;speed&quot;:500}\" data-widget_type=\"image-carousel.default\">\n\t\t\t\t\t\t\t<div class=\"elementor-image-carousel-wrapper swiper\" role=\"region\" aria-roledescription=\"carousel\" aria-label=\"Carrousel d\u2019images\" dir=\"ltr\">\n\t\t\t<div class=\"elementor-image-carousel swiper-wrapper swiper-image-stretch\" aria-live=\"off\">\n\t\t\t\t\t\t\t\t<div class=\"swiper-slide\" role=\"group\" aria-roledescription=\"slide\" aria-label=\"1 sur 2\"><figure class=\"swiper-slide-inner\"><img decoding=\"async\" class=\"swiper-slide-image\" src=\"https:\/\/www.bomoyi.org\/wp-content\/uploads\/2025\/02\/IMAGE-5-FLE-150x145-1.png\" alt=\"IMAGE-5-FLE-150x145\" \/><\/figure><\/div><div class=\"swiper-slide\" role=\"group\" aria-roledescription=\"slide\" aria-label=\"2 sur 2\"><figure class=\"swiper-slide-inner\"><img decoding=\"async\" class=\"swiper-slide-image\" src=\"https:\/\/www.bomoyi.org\/wp-content\/uploads\/2025\/02\/IMAGE-6-FLE-150x143-1.png\" alt=\"IMAGE-6-FLE-150x143\" \/><\/figure><\/div>\t\t\t<\/div>\n\t\t\t\t\t\t\t\t\t\t\t\t<div class=\"elementor-swiper-button elementor-swiper-button-prev\" role=\"button\" tabindex=\"0\">\n\t\t\t\t\t\t<svg aria-hidden=\"true\" class=\"e-font-icon-svg e-eicon-chevron-left\" viewBox=\"0 0 1000 1000\" xmlns=\"http:\/\/www.w3.org\/2000\/svg\"><path d=\"M646 125C629 125 613 133 604 142L308 442C296 454 292 471 292 487 292 504 296 521 308 533L604 854C617 867 629 875 646 875 663 875 679 871 692 858 704 846 713 829 713 812 713 796 708 779 692 767L438 487 692 225C700 217 708 204 708 187 708 171 704 154 692 142 675 129 663 125 646 125Z\"><\/path><\/svg>\t\t\t\t\t<\/div>\n\t\t\t\t\t<div class=\"elementor-swiper-button elementor-swiper-button-next\" role=\"button\" tabindex=\"0\">\n\t\t\t\t\t\t<svg aria-hidden=\"true\" class=\"e-font-icon-svg e-eicon-chevron-right\" viewBox=\"0 0 1000 1000\" xmlns=\"http:\/\/www.w3.org\/2000\/svg\"><path d=\"M696 533C708 521 713 504 713 487 713 471 708 454 696 446L400 146C388 133 375 125 354 125 338 125 325 129 313 142 300 154 292 171 292 187 292 204 296 221 308 233L563 492 304 771C292 783 288 800 288 817 288 833 296 850 308 863 321 871 338 875 354 875 371 875 388 867 400 854L696 533Z\"><\/path><\/svg>\t\t\t\t\t<\/div>\n\t\t\t\t\n\t\t\t\t\t\t\t\t\t<div class=\"swiper-pagination\"><\/div>\n\t\t\t\t\t\t\t\t\t<\/div>\n\t\t\t\t\t\t<\/div>\n\t\t\t\t<\/div>\n\t\t\t\t<\/div>\n\t\t\t\t\t<\/div>\n\t\t\t\t<\/div>\n\t\t<div class=\"elementor-element elementor-element-e6fec69 e-flex e-con-boxed e-con e-parent\" data-id=\"e6fec69\" data-element_type=\"container\">\n\t\t\t\t\t<div class=\"e-con-inner\">\n\t\t\t\t<div class=\"elementor-element elementor-element-0d81f28 elementor-widget elementor-widget-text-editor\" data-id=\"0d81f28\" data-element_type=\"widget\" data-widget_type=\"text-editor.default\">\n\t\t\t\t\t\t\t\t\t<p><strong>Insertion Professionnelle\u00a0: une attention particuli\u00e8re est accord\u00e9e aux femmes au travers des formations diverses \u00e0 leur attention, dont des formations \u00e0 l\u2019apprentissage de la couture, et de la langue fran\u00e7aise afin de mieux les \u00e9quiper pour une meilleure insertion professionnelle et les sortir ainsi de l\u2019ombre et de l\u2019isolement.<\/strong><\/p>\t\t\t\t\t\t\t\t<\/div>\n\t\t\t\t\t<\/div>\n\t\t\t\t<\/div>\n\t\t\t\t<\/div>\n\t\t","protected":false},"excerpt":{"rendered":"<p>L\u2019\u00e9galit\u00e9 femmes-hommes Autonomisation de la femme A l\u2019heure o\u00f9 une femme sur deux ayant port\u00e9 plainte contre son conjoint pour [&hellip;]<\/p>\n","protected":false},"author":1,"featured_media":0,"parent":0,"menu_order":0,"comment_status":"closed","ping_status":"closed","template":"","meta":{"give_campaign_id":0,"site-sidebar-layout":"no-sidebar","site-content-layout":"","ast-site-content-layout":"full-width-container","site-content-style":"default","site-sidebar-style":"default","ast-global-header-display":"","ast-banner-title-visibility":"","ast-main-header-display":"","ast-hfb-above-header-display":"","ast-hfb-below-header-display":"","ast-hfb-mobile-header-display":"","site-post-title":"disabled","ast-breadcrumbs-content":"","ast-featured-img":"disabled","footer-sml-layout":"","theme-transparent-header-meta":"","adv-header-id-meta":"","stick-header-meta":"","header-above-stick-meta":"","header-main-stick-meta":"","header-below-stick-meta":"","astra-migrate-meta-layouts":"default","ast-page-background-enabled":"default","ast-page-background-meta":{"desktop":{"background-color":"var(--ast-global-color-5)","background-image":"","background-repeat":"repeat","background-position":"center center","background-size":"auto","background-attachment":"scroll","background-type":"","background-media":"","overlay-type":"","overlay-color":"","overlay-opacity":"","overlay-gradient":""},"tablet":{"background-color":"","background-image":"","background-repeat":"repeat","background-position":"center center","background-size":"auto","background-attachment":"scroll","background-type":"","background-media":"","overlay-type":"","overlay-color":"","overlay-opacity":"","overlay-gradient":""},"mobile":{"background-color":"","background-image":"","background-repeat":"repeat","background-position":"center center","background-size":"auto","background-attachment":"scroll","background-type":"","background-media":"","overlay-type":"","overlay-color":"","overlay-opacity":"","overlay-gradient":""}},"ast-content-background-meta":{"desktop":{"background-color":"var(--ast-global-color-4)","background-image":"","background-repeat":"repeat","background-position":"center center","background-size":"auto","background-attachment":"scroll","background-type":"","background-media":"","overlay-type":"","overlay-color":"","overlay-opacity":"","overlay-gradient":""},"tablet":{"background-color":"var(--ast-global-color-4)","background-image":"","background-repeat":"repeat","background-position":"center center","background-size":"auto","background-attachment":"scroll","background-type":"","background-media":"","overlay-type":"","overlay-color":"","overlay-opacity":"","overlay-gradient":""},"mobile":{"background-color":"var(--ast-global-color-4)","background-image":"","background-repeat":"repeat","background-position":"center center","background-size":"auto","background-attachment":"scroll","background-type":"","background-media":"","overlay-type":"","overlay-color":"","overlay-opacity":"","overlay-gradient":""}},"footnotes":""},"class_list":["post-1762","page","type-page","status-publish","hentry"],"campaignId":"","_links":{"self":[{"href":"https:\/\/www.bomoyi.org\/index.php\/wp-json\/wp\/v2\/pages\/1762","targetHints":{"allow":["GET"]}}],"collection":[{"href":"https:\/\/www.bomoyi.org\/index.php\/wp-json\/wp\/v2\/pages"}],"about":[{"href":"https:\/\/www.bomoyi.org\/index.php\/wp-json\/wp\/v2\/types\/page"}],"author":[{"embeddable":true,"href":"https:\/\/www.bomoyi.org\/index.php\/wp-json\/wp\/v2\/users\/1"}],"replies":[{"embeddable":true,"href":"https:\/\/www.bomoyi.org\/index.php\/wp-json\/wp\/v2\/comments?post=1762"}],"version-history":[{"count":19,"href":"https:\/\/www.bomoyi.org\/index.php\/wp-json\/wp\/v2\/pages\/1762\/revisions"}],"predecessor-version":[{"id":2064,"href":"https:\/\/www.bomoyi.org\/index.php\/wp-json\/wp\/v2\/pages\/1762\/revisions\/2064"}],"wp:attachment":[{"href":"https:\/\/www.bomoyi.org\/index.php\/wp-json\/wp\/v2\/media?parent=1762"}],"curies":[{"name":"wp","href":"https:\/\/api.w.org\/{rel}","templated":true}]}}